{"id":1634,"date":"2020-02-26T20:43:52","date_gmt":"2020-02-26T17:43:52","guid":{"rendered":"https:\/\/www.v4y.ee\/?page_id=1634"},"modified":"2020-02-26T21:06:35","modified_gmt":"2020-02-26T18:06:35","slug":"labor-trading-rus","status":"publish","type":"page","link":"https:\/\/www.v4y.ee\/ru\/labor-trading-rus\/","title":{"rendered":"\u0410\u0440\u0435\u043d\u0434\u0430 \u0440\u0430\u0431\u043e\u0447\u0435\u0439 \u0441\u0438\u043b\u044b"},"content":{"rendered":"\r\n<h2 class=\"wp-block-heading\">\u0410\u0440\u0435\u043d\u0434\u0430 \u0440\u0430\u0431\u043e\u0447\u0435\u0439 \u0441\u0438\u043b\u044b \u0441\u043e\u0437\u0434\u0430\u043d\u0430 \u0434\u043b\u044f \u0442\u043e\u0433\u043e, \u0447\u0442\u043e\u0431\u044b \u043f\u043e\u043c\u043e\u0433\u0430\u0442\u044c \u043f\u0440\u0435\u0434\u043f\u0440\u0438\u043d\u0438\u043c\u0430\u0442\u0435\u043b\u044f\u043c. \u041c\u044b \u043d\u0430\u0439\u0434\u0435\u043c \u043f\u043e\u0434\u0445\u043e\u0434\u044f\u0449\u0435\u0433\u043e \u0440\u0430\u0431\u043e\u0442\u043d\u0438\u043a\u0430 \u0438\u043b\u0438 \u0440\u0430\u0431\u043e\u0442\u043d\u0438\u043a\u043e\u0432, \u0441\u043e\u043e\u0442\u0432\u0435\u0442\u0441\u0442\u0432\u0443\u044e\u0449\u0438\u0445 \u0432\u0430\u0448\u0438\u043c \u0442\u0440\u0435\u0431\u043e\u0432\u0430\u043d\u0438\u044f\u043c.<\/h2>\r\n\r\n\r\n\r\n<blockquote class=\"wp-block-quote is-layout-flow wp-block-quote-is-layout-flow\"><em>\u041c\u044b \u043e\u0431\u0435\u0441\u043f\u0435\u0447\u0438\u043c \u043d\u0430\u043b\u0438\u0447\u0438\u0435 \u0432\u0441\u0435\u0439 \u044e\u0440\u0438\u0434\u0438\u0447\u0435\u0441\u043a\u043e\u0439 \u0434\u043e\u043a\u0443\u043c\u0435\u043d\u0442\u0430\u0446\u0438\u0438 (\u043d\u0430\u043f\u0440\u0438\u043c\u0435\u0440, \u0440\u0430\u0431\u043e\u0447\u0435\u0439 \u0432\u0438\u0437\u044b) \u0438 \u0441\u0442\u0440\u0430\u0445\u043e\u0432\u0430\u043d\u0438\u044f, \u0430 \u0442\u0430\u043a\u0436\u0435 \u0432\u044b\u043f\u043e\u043b\u043d\u0438\u043c \u0434\u0440\u0443\u0433\u0438\u0435 \u0434\u043e\u0433\u043e\u0432\u043e\u0440\u0435\u043d\u043d\u043e\u0441\u0442\u0438.<\/em><\/blockquote>\r\n\r\n\r\n\r\n<p>\u0410\u0440\u0435\u043d\u0434\u043d\u0430\u044f \u0440\u0430\u0431\u043e\u0442\u0430 \u2013 \u044d\u0442\u043e \u0442\u0440\u0435\u0445\u0441\u0442\u043e\u0440\u043e\u043d\u043d\u0438\u0435 \u043e\u0442\u043d\u043e\u0448\u0435\u043d\u0438\u044f. \u0415\u0441\u043b\u0438 \u0432 \u043a\u043b\u0430\u0441\u0441\u0438\u0447\u0435\u0441\u043a\u0438\u0445 \u0442\u0440\u0443\u0434\u043e\u0432\u044b\u0445 \u043e\u0442\u043d\u043e\u0448\u0435\u043d\u0438\u044f\u0445 \u0443\u0447\u0430\u0441\u0442\u0432\u0443\u044e\u0442 \u0434\u0432\u0435 \u0441\u0442\u043e\u0440\u043e\u043d\u044b, \u0440\u0430\u0431\u043e\u0442\u043d\u0438\u043a \u0438 \u0440\u0430\u0431\u043e\u0442\u043e\u0434\u0430\u0442\u0435\u043b\u044c, \u0442\u043e \u0432 \u0441\u043b\u0443\u0447\u0430\u0435 \u0430\u0440\u0435\u043d\u0434\u043d\u043e\u0439 \u0440\u0430\u0431\u043e\u0442\u044b \u0442\u0440\u0435\u0442\u044c\u0435\u0439 \u0441\u0442\u043e\u0440\u043e\u043d\u043e\u0439 \u044f\u0432\u043b\u044f\u0435\u0442\u0441\u044f \u043f\u0440\u0435\u0434\u043f\u0440\u0438\u044f\u0442\u0438\u0435-\u043f\u043e\u043b\u044c\u0437\u043e\u0432\u0430\u0442\u0435\u043b\u044c. \u041f\u0440\u0438 \u0430\u0440\u0435\u043d\u0434\u043d\u044b\u0445 \u0442\u0440\u0443\u0434\u043e\u0432\u044b\u0445 \u043e\u0442\u043d\u043e\u0448\u0435\u043d\u0438\u044f\u0445 \u0440\u0430\u0431\u043e\u0442\u043e\u0434\u0430\u0442\u0435\u043b\u044c, \u0438\u043b\u0438 \u0430\u0433\u0435\u043d\u0442\u0441\u0442\u0432\u043e \u043f\u043e \u0430\u0440\u0435\u043d\u0434\u0435 \u0440\u0430\u0431\u043e\u0447\u0435\u0439 \u0441\u0438\u043b\u044b, \u0437\u0430\u043a\u043b\u044e\u0447\u0430\u0435\u0442 \u0442\u0440\u0443\u0434\u043e\u0432\u043e\u0439 \u0434\u043e\u0433\u043e\u0432\u043e\u0440, \u043d\u0430 \u043e\u0441\u043d\u043e\u0432\u0430\u043d\u0438\u0438 \u043a\u043e\u0442\u043e\u0440\u043e\u0433\u043e \u0430\u0440\u0435\u043d\u0434\u043d\u044b\u0439 \u0440\u0430\u0431\u043e\u0442\u043d\u0438\u043a \u0432\u0440\u0435\u043c\u0435\u043d\u043d\u043e \u0432\u044b\u043f\u043e\u043b\u043d\u044f\u0435\u0442 \u0440\u0430\u0431\u043e\u0442\u0443 \u043d\u0430 \u0442\u0440\u0435\u0442\u044c\u0435 \u043b\u0438\u0446\u043e, \u0442\u043e \u0435\u0441\u0442\u044c, \u043f\u0440\u0435\u0434\u043f\u0440\u0438\u044f\u0442\u0438\u0435-\u043f\u043e\u043b\u044c\u0437\u043e\u0432\u0430\u0442\u0435\u043b\u044c, \u043f\u043e\u0434 \u0440\u0443\u043a\u043e\u0432\u043e\u0434\u0441\u0442\u0432\u043e\u043c \u0438 \u043d\u0430\u0434\u0437\u043e\u0440\u043e\u043c \u043f\u043e\u0441\u043b\u0435\u0434\u043d\u0435\u0433\u043e. \u0410\u0433\u0435\u043d\u0442\u0441\u0442\u0432\u043e \u043f\u043e \u0430\u0440\u0435\u043d\u0434\u0435 \u0440\u0430\u0431\u043e\u0447\u0435\u0439 \u0441\u0438\u043b\u044b \u0438 \u043f\u0440\u0435\u0434\u043f\u0440\u0438\u044f\u0442\u0438\u0435-\u043f\u043e\u043b\u044c\u0437\u043e\u0432\u0430\u0442\u0435\u043b\u044c \u0437\u0430\u043a\u043b\u044e\u0447\u0430\u044e\u0442 \u043c\u0435\u0436\u0434\u0443 \u0441\u043e\u0431\u043e\u0439 \u043e\u0431\u044f\u0437\u0430\u0442\u0435\u043b\u044c\u0441\u0442\u0432\u0435\u043d\u043d\u043e-\u043f\u0440\u0430\u0432\u043e\u0432\u043e\u0435 \u0441\u043e\u0433\u043b\u0430\u0448\u0435\u043d\u0438\u0435, \u043a\u043e\u0442\u043e\u0440\u043e\u0435 \u0440\u0435\u0433\u0443\u043b\u0438\u0440\u0443\u0435\u0442 \u0438\u0445 \u0441\u043e\u0442\u0440\u0443\u0434\u043d\u0438\u0447\u0435\u0441\u0442\u0432\u043e.<\/p>\r\n<p>\u0410\u0440\u0435\u043d\u0434\u0430 \u0440\u0430\u0431\u043e\u0447\u0435\u0439 \u0441\u0438\u043b\u044b \u0440\u0430\u0441\u0441\u0447\u0438\u0442\u0430\u043d\u0430 \u043d\u0430 \u043f\u0440\u0435\u0434\u043f\u0440\u0438\u044f\u0442\u0438\u044f, \u043a\u043e\u0442\u043e\u0440\u044b\u0435 \u043d\u0435 \u0436\u0435\u043b\u0430\u044e\u0442 \u043d\u0430\u043d\u0438\u043c\u0430\u0442\u044c \u0440\u0430\u0431\u043e\u0442\u043d\u0438\u043a\u043e\u0432, \u0430 \u0442\u0430\u043a\u0436\u0435 \u043d\u0430 \u043c\u0435\u043b\u043a\u0438\u0435 \u043f\u0440\u0435\u0434\u043f\u0440\u0438\u044f\u0442\u0438\u044f, \u0432\u044b\u0438\u0433\u0440\u0430\u0432\u0448\u0438\u0435 \u0442\u0435\u043d\u0434\u0435\u0440, \u0443 \u043a\u043e\u0442\u043e\u0440\u044b\u0445 \u043d\u0435\u0434\u043e\u0441\u0442\u0430\u0442\u043e\u0447\u043d\u043e \u0440\u0430\u0431\u043e\u0442\u043d\u0438\u043a\u043e\u0432, \u0447\u0442\u043e\u0431\u044b \u0441\u043f\u0440\u0430\u0432\u0438\u0442\u044c\u0441\u044f \u0441 \u0432\u043e\u0437\u0440\u043e\u0441\u0448\u0438\u043c \u043e\u0431\u044a\u0435\u043c\u043e\u043c \u0440\u0430\u0431\u043e\u0442\u044b. \u0412 \u0441\u043b\u0443\u0447\u0430\u0435 \u0438\u0441\u043f\u043e\u043b\u044c\u0437\u043e\u0432\u0430\u043d\u0438\u044f \u0442\u0440\u0443\u0434\u0430 \u0430\u0440\u0435\u043d\u0434\u043d\u044b\u0445 \u0440\u0430\u0431\u043e\u0442\u043d\u0438\u043a\u043e\u0432 \u0432\u0441\u0435 \u0434\u0435\u0439\u0441\u0442\u0432\u0438\u044f, \u0441\u0432\u044f\u0437\u0430\u043d\u043d\u044b\u0435 \u0441 \u043f\u0435\u0440\u0441\u043e\u043d\u0430\u043b\u043e\u043c, \u0431\u0435\u0440\u0435\u0442 \u043d\u0430 \u0441\u0435\u0431\u044f \u0444\u0438\u0440\u043c\u0430 \u043f\u043e \u0430\u0440\u0435\u043d\u0434\u0435 \u0440\u0430\u0431\u043e\u0447\u0435\u0439 \u0441\u0438\u043b\u044b. \u0422\u0430\u043a\u0438\u043c \u043e\u0431\u0440\u0430\u0437\u043e\u043c, \u043f\u0440\u0435\u0434\u043f\u0440\u0438\u044f\u0442\u0438\u0435 \u043c\u043e\u0436\u0435\u0442 \u0441\u043e\u0441\u0440\u0435\u0434\u043e\u0442\u043e\u0447\u0438\u0442\u044c\u0441\u044f \u043d\u0430 \u0441\u0432\u043e\u0435\u0439 \u043e\u0441\u043d\u043e\u0432\u043d\u043e\u0439 \u0434\u0435\u044f\u0442\u0435\u043b\u044c\u043d\u043e\u0441\u0442\u0438.<\/p>\r\n\r\n\r\n\r\n<h3 class=\"wp-block-heading\">\u041e\u0422\u041f\u0420\u0410\u0412\u0418\u0422\u042c \u0417\u0410\u041f\u0420\u041e\u0421<\/h3>\r\n\r\n\r\n\r\n<div class=\"wpforms-container wpforms-container-full\" id=\"wpforms-1637\"><form id=\"wpforms-form-1637\" class=\"wpforms-validate wpforms-form\" data-formid=\"1637\" method=\"post\" enctype=\"multipart\/form-data\" action=\"\/ru\/wp-json\/wp\/v2\/pages\/1634\" data-token=\"9874a1155a733d589ab235754d8805bb\" data-token-time=\"1778504451\"><noscript class=\"wpforms-error-noscript\">\u0414\u043b\u044f \u0437\u0430\u043f\u043e\u043b\u043d\u0435\u043d\u0438\u044f \u0434\u0430\u043d\u043d\u043e\u0439 \u0444\u043e\u0440\u043c\u044b \u0432\u043a\u043b\u044e\u0447\u0438\u0442\u0435 JavaScript \u0432 \u0431\u0440\u0430\u0443\u0437\u0435\u0440\u0435.<\/noscript><div class=\"wpforms-field-container\"><div id=\"wpforms-1637-field_0-container\" class=\"wpforms-field wpforms-field-name wpforms-one-half wpforms-first\" data-field-id=\"0\"><label class=\"wpforms-field-label\" for=\"wpforms-1637-field_0\">\u0418\u043c\u044f \u0438 \u0444\u0430\u043c\u0438\u043b\u0438\u044f <span class=\"wpforms-required-label\">*<\/span><\/label><input type=\"text\" id=\"wpforms-1637-field_0\" class=\"wpforms-field-medium wpforms-field-required\" name=\"wpforms[fields][0]\" required><\/div><div id=\"wpforms-1637-field_1-container\" class=\"wpforms-field wpforms-field-email wpforms-one-half\" data-field-id=\"1\"><label class=\"wpforms-field-label\" for=\"wpforms-1637-field_1\">\u0410\u0434\u0440\u0435\u0441 \u044d\u043b. \u043f\u043e\u0447\u0442\u044b <span class=\"wpforms-required-label\">*<\/span><\/label><input type=\"email\" id=\"wpforms-1637-field_1\" class=\"wpforms-field-small wpforms-field-required\" name=\"wpforms[fields][1]\" spellcheck=\"false\" required><\/div><div id=\"wpforms-1637-field_2-container\" class=\"wpforms-field wpforms-field-textarea\" data-field-id=\"2\"><label class=\"wpforms-field-label\" for=\"wpforms-1637-field_2\">\u0412\u044b \u043d\u0443\u0436\u0434\u0430\u0435\u0442\u0435\u0441\u044c \u0432 \u0440\u0430\u0431\u043e\u0442\u043d\u0438\u043a\u0435 \u0438\u043b\u0438 \u0445\u043e\u0442\u0438\u0442\u0435 \u043d\u0430\u0439\u0442\u0438 \u0440\u0430\u0431\u043e\u0442\u0443? \u0420\u0430\u0441\u0441\u043a\u0430\u0436\u0438\u0442\u0435 \u043d\u0430\u043c \u043e \u0432\u0430\u0448\u0438\u0445 \u043f\u043e\u0442\u0440\u0435\u0431\u043d\u043e\u0441\u0442\u044f\u0445 \u043e\u0442\u043f\u0440\u0430\u0432\u0438\u0442\u044c \u0437\u0430\u043f\u0440\u043e\u0441 <span class=\"wpforms-required-label\">*<\/span><\/label><textarea id=\"wpforms-1637-field_2\" class=\"wpforms-field-medium wpforms-field-required\" name=\"wpforms[fields][2]\" required><\/textarea><\/div><\/div><!-- .wpforms-field-container --><div class=\"wpforms-field wpforms-field-hp\"><label for=\"wpforms-1637-field-hp\" class=\"wpforms-field-label\">Name<\/label><input type=\"text\" name=\"wpforms[hp]\" id=\"wpforms-1637-field-hp\" class=\"wpforms-field-medium\"><\/div><div class=\"wpforms-submit-container\" ><input type=\"hidden\" name=\"wpforms[id]\" value=\"1637\"><input type=\"hidden\" name=\"page_title\" value=\"\"><input type=\"hidden\" name=\"page_url\" value=\"https:\/\/www.v4y.ee\/ru\/wp-json\/wp\/v2\/pages\/1634\"><button type=\"submit\" name=\"wpforms[submit]\" id=\"wpforms-submit-1637\" class=\"wpforms-submit\" aria-live=\"assertive\" value=\"wpforms-submit\">\u041e\u0442\u043f\u0440\u0430\u0432\u0438\u0442\u044c \u0437\u0430\u043f\u0440\u043e\u0441<\/button><\/div><\/form><\/div>  <!-- .wpforms-container -->\r\n","protected":false},"excerpt":{"rendered":"<p>\u0410\u0440\u0435\u043d\u0434\u0430 \u0440\u0430\u0431\u043e\u0447\u0435\u0439 \u0441\u0438\u043b\u044b \u0441\u043e\u0437\u0434\u0430\u043d\u0430 \u0434\u043b\u044f \u0442\u043e\u0433\u043e, \u0447\u0442\u043e\u0431\u044b \u043f\u043e\u043c\u043e\u0433\u0430\u0442\u044c \u043f\u0440\u0435\u0434\u043f\u0440\u0438\u043d\u0438\u043c\u0430\u0442\u0435\u043b\u044f\u043c. \u041c\u044b \u043d\u0430\u0439\u0434\u0435\u043c \u043f\u043e\u0434\u0445\u043e\u0434\u044f\u0449\u0435\u0433\u043e \u0440\u0430\u0431\u043e\u0442\u043d\u0438\u043a\u0430 \u0438\u043b\u0438 \u0440\u0430\u0431\u043e\u0442\u043d\u0438\u043a\u043e\u0432, \u0441\u043e\u043e\u0442\u0432\u0435\u0442\u0441\u0442\u0432\u0443\u044e\u0449\u0438\u0445 \u0432\u0430\u0448\u0438\u043c \u0442\u0440\u0435\u0431\u043e\u0432\u0430\u043d\u0438\u044f\u043c. \u041c\u044b \u043e\u0431\u0435\u0441\u043f\u0435\u0447\u0438\u043c \u043d\u0430\u043b\u0438\u0447\u0438\u0435 \u0432\u0441\u0435\u0439 \u044e\u0440\u0438\u0434\u0438\u0447\u0435\u0441\u043a\u043e\u0439 \u0434\u043e\u043a\u0443\u043c\u0435\u043d\u0442\u0430\u0446\u0438\u0438 (\u043d\u0430\u043f\u0440\u0438\u043c\u0435\u0440, \u0440\u0430\u0431\u043e\u0447\u0435\u0439 \u0432\u0438\u0437\u044b) \u0438 \u0441\u0442\u0440\u0430\u0445\u043e\u0432\u0430\u043d\u0438\u044f, \u0430 &#8230;<\/p>\n","protected":false},"author":1,"featured_media":1519,"parent":0,"menu_order":0,"comment_status":"closed","ping_status":"closed","template":"template-fullwidth.php","meta":{"footnotes":""},"yoast_head":"<!-- This site is optimized with the Yoast SEO plugin v23.3 - https:\/\/yoast.com\/wordpress\/plugins\/seo\/ -->\n<title>\u0410\u0440\u0435\u043d\u0434\u0430 \u0440\u0430\u0431\u043e\u0447\u0435\u0439 \u0441\u0438\u043b\u044b - Vitality For You<\/title>\n<meta name=\"robots\" content=\"index, follow, max-snippet:-1, max-image-preview:large, max-video-preview:-1\" \/>\n<link rel=\"canonical\" href=\"https:\/\/www.v4y.ee\/labor-trading\/\" \/>\n<meta property=\"og:locale\" content=\"ru_RU\" \/>\n<meta property=\"og:type\" content=\"article\" \/>\n<meta property=\"og:title\" content=\"\u0410\u0440\u0435\u043d\u0434\u0430 \u0440\u0430\u0431\u043e\u0447\u0435\u0439 \u0441\u0438\u043b\u044b - Vitality For You\" \/>\n<meta property=\"og:description\" content=\"\u0410\u0440\u0435\u043d\u0434\u0430 \u0440\u0430\u0431\u043e\u0447\u0435\u0439 \u0441\u0438\u043b\u044b \u0441\u043e\u0437\u0434\u0430\u043d\u0430 \u0434\u043b\u044f \u0442\u043e\u0433\u043e, \u0447\u0442\u043e\u0431\u044b \u043f\u043e\u043c\u043e\u0433\u0430\u0442\u044c \u043f\u0440\u0435\u0434\u043f\u0440\u0438\u043d\u0438\u043c\u0430\u0442\u0435\u043b\u044f\u043c. \u041c\u044b \u043d\u0430\u0439\u0434\u0435\u043c \u043f\u043e\u0434\u0445\u043e\u0434\u044f\u0449\u0435\u0433\u043e \u0440\u0430\u0431\u043e\u0442\u043d\u0438\u043a\u0430 \u0438\u043b\u0438 \u0440\u0430\u0431\u043e\u0442\u043d\u0438\u043a\u043e\u0432, \u0441\u043e\u043e\u0442\u0432\u0435\u0442\u0441\u0442\u0432\u0443\u044e\u0449\u0438\u0445 \u0432\u0430\u0448\u0438\u043c \u0442\u0440\u0435\u0431\u043e\u0432\u0430\u043d\u0438\u044f\u043c. \u041c\u044b \u043e\u0431\u0435\u0441\u043f\u0435\u0447\u0438\u043c \u043d\u0430\u043b\u0438\u0447\u0438\u0435 \u0432\u0441\u0435\u0439 \u044e\u0440\u0438\u0434\u0438\u0447\u0435\u0441\u043a\u043e\u0439 \u0434\u043e\u043a\u0443\u043c\u0435\u043d\u0442\u0430\u0446\u0438\u0438 (\u043d\u0430\u043f\u0440\u0438\u043c\u0435\u0440, \u0440\u0430\u0431\u043e\u0447\u0435\u0439 \u0432\u0438\u0437\u044b) \u0438 \u0441\u0442\u0440\u0430\u0445\u043e\u0432\u0430\u043d\u0438\u044f, \u0430 ...\" \/>\n<meta property=\"og:url\" content=\"https:\/\/www.v4y.ee\/labor-trading\/\" \/>\n<meta property=\"og:site_name\" content=\"Vitality For You\" \/>\n<meta property=\"article:modified_time\" content=\"2020-02-26T18:06:35+00:00\" \/>\n<meta property=\"og:image\" content=\"https:\/\/www.v4y.ee\/wp-content\/uploads\/2020\/02\/img_t\u00f6\u00f6j\u00f5urent.jpg\" \/>\n\t<meta property=\"og:image:width\" content=\"1400\" \/>\n\t<meta property=\"og:image:height\" content=\"934\" \/>\n\t<meta property=\"og:image:type\" content=\"image\/jpeg\" \/>\n<meta name=\"twitter:card\" content=\"summary_large_image\" \/>\n<script type=\"application\/ld+json\" class=\"yoast-schema-graph\">{\"@context\":\"https:\/\/schema.org\",\"@graph\":[{\"@type\":\"WebPage\",\"@id\":\"https:\/\/www.v4y.ee\/labor-trading\/\",\"url\":\"https:\/\/www.v4y.ee\/labor-trading\/\",\"name\":\"\u0410\u0440\u0435\u043d\u0434\u0430 \u0440\u0430\u0431\u043e\u0447\u0435\u0439 \u0441\u0438\u043b\u044b - Vitality For You\",\"isPartOf\":{\"@id\":\"https:\/\/www.v4y.ee\/#website\"},\"primaryImageOfPage\":{\"@id\":\"https:\/\/www.v4y.ee\/labor-trading\/#primaryimage\"},\"image\":{\"@id\":\"https:\/\/www.v4y.ee\/labor-trading\/#primaryimage\"},\"thumbnailUrl\":\"https:\/\/www.v4y.ee\/wp-content\/uploads\/2020\/02\/img_t\u00f6\u00f6j\u00f5urent.jpg\",\"datePublished\":\"2020-02-26T17:43:52+00:00\",\"dateModified\":\"2020-02-26T18:06:35+00:00\",\"breadcrumb\":{\"@id\":\"https:\/\/www.v4y.ee\/labor-trading\/#breadcrumb\"},\"inLanguage\":\"ru-RU\",\"potentialAction\":[{\"@type\":\"ReadAction\",\"target\":[\"https:\/\/www.v4y.ee\/labor-trading\/\"]}]},{\"@type\":\"ImageObject\",\"inLanguage\":\"ru-RU\",\"@id\":\"https:\/\/www.v4y.ee\/labor-trading\/#primaryimage\",\"url\":\"https:\/\/www.v4y.ee\/wp-content\/uploads\/2020\/02\/img_t\u00f6\u00f6j\u00f5urent.jpg\",\"contentUrl\":\"https:\/\/www.v4y.ee\/wp-content\/uploads\/2020\/02\/img_t\u00f6\u00f6j\u00f5urent.jpg\",\"width\":1400,\"height\":934},{\"@type\":\"BreadcrumbList\",\"@id\":\"https:\/\/www.v4y.ee\/labor-trading\/#breadcrumb\",\"itemListElement\":[{\"@type\":\"ListItem\",\"position\":1,\"name\":\"Home\",\"item\":\"https:\/\/www.v4y.ee\/ru\/\"},{\"@type\":\"ListItem\",\"position\":2,\"name\":\"\u0410\u0440\u0435\u043d\u0434\u0430 \u0440\u0430\u0431\u043e\u0447\u0435\u0439 \u0441\u0438\u043b\u044b\"}]},{\"@type\":\"WebSite\",\"@id\":\"https:\/\/www.v4y.ee\/#website\",\"url\":\"https:\/\/www.v4y.ee\/\",\"name\":\"Vitality For You\",\"description\":\"Labor Trading, Recruitment &amp; Legal Advice\",\"publisher\":{\"@id\":\"https:\/\/www.v4y.ee\/#organization\"},\"potentialAction\":[{\"@type\":\"SearchAction\",\"target\":{\"@type\":\"EntryPoint\",\"urlTemplate\":\"https:\/\/www.v4y.ee\/?s={search_term_string}\"},\"query-input\":\"required name=search_term_string\"}],\"inLanguage\":\"ru-RU\"},{\"@type\":\"Organization\",\"@id\":\"https:\/\/www.v4y.ee\/#organization\",\"name\":\"V4Y\",\"url\":\"https:\/\/www.v4y.ee\/\",\"logo\":{\"@type\":\"ImageObject\",\"inLanguage\":\"ru-RU\",\"@id\":\"https:\/\/www.v4y.ee\/#\/schema\/logo\/image\/\",\"url\":\"https:\/\/www.v4y.ee\/wp-content\/uploads\/2019\/09\/v4y-logo_v\u00e4rv.png\",\"contentUrl\":\"https:\/\/www.v4y.ee\/wp-content\/uploads\/2019\/09\/v4y-logo_v\u00e4rv.png\",\"width\":1080,\"height\":609,\"caption\":\"V4Y\"},\"image\":{\"@id\":\"https:\/\/www.v4y.ee\/#\/schema\/logo\/image\/\"}}]}<\/script>\n<!-- \/ Yoast SEO plugin. -->","yoast_head_json":{"title":"\u0410\u0440\u0435\u043d\u0434\u0430 \u0440\u0430\u0431\u043e\u0447\u0435\u0439 \u0441\u0438\u043b\u044b - Vitality For You","robots":{"index":"index","follow":"follow","max-snippet":"max-snippet:-1","max-image-preview":"max-image-preview:large","max-video-preview":"max-video-preview:-1"},"canonical":"https:\/\/www.v4y.ee\/labor-trading\/","og_locale":"ru_RU","og_type":"article","og_title":"\u0410\u0440\u0435\u043d\u0434\u0430 \u0440\u0430\u0431\u043e\u0447\u0435\u0439 \u0441\u0438\u043b\u044b - Vitality For You","og_description":"\u0410\u0440\u0435\u043d\u0434\u0430 \u0440\u0430\u0431\u043e\u0447\u0435\u0439 \u0441\u0438\u043b\u044b \u0441\u043e\u0437\u0434\u0430\u043d\u0430 \u0434\u043b\u044f \u0442\u043e\u0433\u043e, \u0447\u0442\u043e\u0431\u044b \u043f\u043e\u043c\u043e\u0433\u0430\u0442\u044c \u043f\u0440\u0435\u0434\u043f\u0440\u0438\u043d\u0438\u043c\u0430\u0442\u0435\u043b\u044f\u043c. \u041c\u044b \u043d\u0430\u0439\u0434\u0435\u043c \u043f\u043e\u0434\u0445\u043e\u0434\u044f\u0449\u0435\u0433\u043e \u0440\u0430\u0431\u043e\u0442\u043d\u0438\u043a\u0430 \u0438\u043b\u0438 \u0440\u0430\u0431\u043e\u0442\u043d\u0438\u043a\u043e\u0432, \u0441\u043e\u043e\u0442\u0432\u0435\u0442\u0441\u0442\u0432\u0443\u044e\u0449\u0438\u0445 \u0432\u0430\u0448\u0438\u043c \u0442\u0440\u0435\u0431\u043e\u0432\u0430\u043d\u0438\u044f\u043c. \u041c\u044b \u043e\u0431\u0435\u0441\u043f\u0435\u0447\u0438\u043c \u043d\u0430\u043b\u0438\u0447\u0438\u0435 \u0432\u0441\u0435\u0439 \u044e\u0440\u0438\u0434\u0438\u0447\u0435\u0441\u043a\u043e\u0439 \u0434\u043e\u043a\u0443\u043c\u0435\u043d\u0442\u0430\u0446\u0438\u0438 (\u043d\u0430\u043f\u0440\u0438\u043c\u0435\u0440, \u0440\u0430\u0431\u043e\u0447\u0435\u0439 \u0432\u0438\u0437\u044b) \u0438 \u0441\u0442\u0440\u0430\u0445\u043e\u0432\u0430\u043d\u0438\u044f, \u0430 ...","og_url":"https:\/\/www.v4y.ee\/labor-trading\/","og_site_name":"Vitality For You","article_modified_time":"2020-02-26T18:06:35+00:00","og_image":[{"width":1400,"height":934,"url":"https:\/\/www.v4y.ee\/wp-content\/uploads\/2020\/02\/img_t\u00f6\u00f6j\u00f5urent.jpg","type":"image\/jpeg"}],"twitter_card":"summary_large_image","schema":{"@context":"https:\/\/schema.org","@graph":[{"@type":"WebPage","@id":"https:\/\/www.v4y.ee\/labor-trading\/","url":"https:\/\/www.v4y.ee\/labor-trading\/","name":"\u0410\u0440\u0435\u043d\u0434\u0430 \u0440\u0430\u0431\u043e\u0447\u0435\u0439 \u0441\u0438\u043b\u044b - Vitality For You","isPartOf":{"@id":"https:\/\/www.v4y.ee\/#website"},"primaryImageOfPage":{"@id":"https:\/\/www.v4y.ee\/labor-trading\/#primaryimage"},"image":{"@id":"https:\/\/www.v4y.ee\/labor-trading\/#primaryimage"},"thumbnailUrl":"https:\/\/www.v4y.ee\/wp-content\/uploads\/2020\/02\/img_t\u00f6\u00f6j\u00f5urent.jpg","datePublished":"2020-02-26T17:43:52+00:00","dateModified":"2020-02-26T18:06:35+00:00","breadcrumb":{"@id":"https:\/\/www.v4y.ee\/labor-trading\/#breadcrumb"},"inLanguage":"ru-RU","potentialAction":[{"@type":"ReadAction","target":["https:\/\/www.v4y.ee\/labor-trading\/"]}]},{"@type":"ImageObject","inLanguage":"ru-RU","@id":"https:\/\/www.v4y.ee\/labor-trading\/#primaryimage","url":"https:\/\/www.v4y.ee\/wp-content\/uploads\/2020\/02\/img_t\u00f6\u00f6j\u00f5urent.jpg","contentUrl":"https:\/\/www.v4y.ee\/wp-content\/uploads\/2020\/02\/img_t\u00f6\u00f6j\u00f5urent.jpg","width":1400,"height":934},{"@type":"BreadcrumbList","@id":"https:\/\/www.v4y.ee\/labor-trading\/#breadcrumb","itemListElement":[{"@type":"ListItem","position":1,"name":"Home","item":"https:\/\/www.v4y.ee\/ru\/"},{"@type":"ListItem","position":2,"name":"\u0410\u0440\u0435\u043d\u0434\u0430 \u0440\u0430\u0431\u043e\u0447\u0435\u0439 \u0441\u0438\u043b\u044b"}]},{"@type":"WebSite","@id":"https:\/\/www.v4y.ee\/#website","url":"https:\/\/www.v4y.ee\/","name":"Vitality For You","description":"Labor Trading, Recruitment &amp; Legal Advice","publisher":{"@id":"https:\/\/www.v4y.ee\/#organization"},"potentialAction":[{"@type":"SearchAction","target":{"@type":"EntryPoint","urlTemplate":"https:\/\/www.v4y.ee\/?s={search_term_string}"},"query-input":"required name=search_term_string"}],"inLanguage":"ru-RU"},{"@type":"Organization","@id":"https:\/\/www.v4y.ee\/#organization","name":"V4Y","url":"https:\/\/www.v4y.ee\/","logo":{"@type":"ImageObject","inLanguage":"ru-RU","@id":"https:\/\/www.v4y.ee\/#\/schema\/logo\/image\/","url":"https:\/\/www.v4y.ee\/wp-content\/uploads\/2019\/09\/v4y-logo_v\u00e4rv.png","contentUrl":"https:\/\/www.v4y.ee\/wp-content\/uploads\/2019\/09\/v4y-logo_v\u00e4rv.png","width":1080,"height":609,"caption":"V4Y"},"image":{"@id":"https:\/\/www.v4y.ee\/#\/schema\/logo\/image\/"}}]}},"_links":{"self":[{"href":"https:\/\/www.v4y.ee\/ru\/wp-json\/wp\/v2\/pages\/1634"}],"collection":[{"href":"https:\/\/www.v4y.ee\/ru\/wp-json\/wp\/v2\/pages"}],"about":[{"href":"https:\/\/www.v4y.ee\/ru\/wp-json\/wp\/v2\/types\/page"}],"author":[{"embeddable":true,"href":"https:\/\/www.v4y.ee\/ru\/wp-json\/wp\/v2\/users\/1"}],"replies":[{"embeddable":true,"href":"https:\/\/www.v4y.ee\/ru\/wp-json\/wp\/v2\/comments?post=1634"}],"version-history":[{"count":3,"href":"https:\/\/www.v4y.ee\/ru\/wp-json\/wp\/v2\/pages\/1634\/revisions"}],"predecessor-version":[{"id":1638,"href":"https:\/\/www.v4y.ee\/ru\/wp-json\/wp\/v2\/pages\/1634\/revisions\/1638"}],"wp:featuredmedia":[{"embeddable":true,"href":"https:\/\/www.v4y.ee\/ru\/wp-json\/wp\/v2\/media\/1519"}],"wp:attachment":[{"href":"https:\/\/www.v4y.ee\/ru\/wp-json\/wp\/v2\/media?parent=1634"}],"curies":[{"name":"wp","href":"https:\/\/api.w.org\/{rel}","templated":true}]}}