{"id":1553,"date":"2019-09-28T16:39:28","date_gmt":"2019-09-28T13:39:28","guid":{"rendered":"https:\/\/v4y.ee\/lorem-ipsum\/"},"modified":"2020-07-29T16:32:58","modified_gmt":"2020-07-29T13:32:58","slug":"lorem-ipsum","status":"publish","type":"page","link":"https:\/\/www.v4y.ee\/ru\/","title":{"rendered":"Esileht"},"content":{"rendered":"\t\t<div data-elementor-type=\"wp-page\" data-elementor-id=\"1553\" class=\"elementor elementor-1553 elementor-16\">\n\t\t\t\t\t\t<section class=\"elementor-section elementor-top-section elementor-element elementor-element-1f26387 elementor-section-full_width elementor-section-height-min-height elementor-section-height-default elementor-section-items-middle\" data-id=\"1f26387\" data-element_type=\"section\">\n\t\t\t\t\t\t<div class=\"elementor-container elementor-column-gap-no\">\n\t\t\t\t\t<div class=\"elementor-column elementor-col-33 elementor-top-column elementor-element elementor-element-5732b1b\" data-id=\"5732b1b\" data-element_type=\"column\">\n\t\t\t<div class=\"elementor-widget-wrap elementor-element-populated\">\n\t\t\t\t\t\t<div class=\"elementor-element elementor-element-b7eb85f elementor-widget elementor-widget-image\" data-id=\"b7eb85f\" data-element_type=\"widget\" data-widget_type=\"image.default\">\n\t\t\t\t<div class=\"elementor-widget-container\">\n\t\t\t\t\t\t\t\t\t\t\t\t\t\t<a href=\"https:\/\/www.v4y.ee\/ru\/labor-trading-rus\/\">\n\t\t\t\t\t\t\t<img fetchpriority=\"high\" decoding=\"async\" width=\"640\" height=\"400\" src=\"https:\/\/www.v4y.ee\/wp-content\/uploads\/2020\/02\/img_t\u00f6\u00f6j\u00f5urent-640x400.jpg\" class=\"attachment-onepress-medium size-onepress-medium wp-image-1519\" alt=\"\" srcset=\"https:\/\/www.v4y.ee\/wp-content\/uploads\/2020\/02\/img_t\u00f6\u00f6j\u00f5urent-640x400.jpg 640w, https:\/\/www.v4y.ee\/wp-content\/uploads\/2020\/02\/img_t\u00f6\u00f6j\u00f5urent-480x300.jpg 480w\" sizes=\"(max-width: 640px) 100vw, 640px\" \/>\t\t\t\t\t\t\t\t<\/a>\n\t\t\t\t\t\t\t\t\t\t\t\t\t<\/div>\n\t\t\t\t<\/div>\n\t\t\t\t<div class=\"elementor-element elementor-element-063b3af elementor-widget elementor-widget-heading\" data-id=\"063b3af\" data-element_type=\"widget\" data-widget_type=\"heading.default\">\n\t\t\t\t<div class=\"elementor-widget-container\">\n\t\t\t<h2 class=\"elementor-heading-title elementor-size-default\"><a href=\"https:\/\/www.v4y.ee\/ru\/labor-trading-rus\/\">\u0410\u0440\u0435\u043d\u0434\u0430 \u0440\u0430\u0431\u043e\u0447\u0435\u0439 \u0441\u0438\u043b\u044b<\/a><\/h2>\t\t<\/div>\n\t\t\t\t<\/div>\n\t\t\t\t\t<\/div>\n\t\t<\/div>\n\t\t\t\t<div class=\"elementor-column elementor-col-33 elementor-top-column elementor-element elementor-element-070cba1\" data-id=\"070cba1\" data-element_type=\"column\">\n\t\t\t<div class=\"elementor-widget-wrap elementor-element-populated\">\n\t\t\t\t\t\t<div class=\"elementor-element elementor-element-4fa0f91 elementor-widget elementor-widget-image\" data-id=\"4fa0f91\" data-element_type=\"widget\" data-widget_type=\"image.default\">\n\t\t\t\t<div class=\"elementor-widget-container\">\n\t\t\t\t\t\t\t\t\t\t\t\t\t\t<a href=\"https:\/\/www.v4y.ee\/ru\/recruitment-rus\/\">\n\t\t\t\t\t\t\t<img decoding=\"async\" width=\"640\" height=\"400\" src=\"https:\/\/www.v4y.ee\/wp-content\/uploads\/2020\/02\/img_v\u00e4rbamine-640x400.jpg\" class=\"attachment-onepress-medium size-onepress-medium wp-image-1521\" alt=\"\" srcset=\"https:\/\/www.v4y.ee\/wp-content\/uploads\/2020\/02\/img_v\u00e4rbamine-640x400.jpg 640w, https:\/\/www.v4y.ee\/wp-content\/uploads\/2020\/02\/img_v\u00e4rbamine-480x300.jpg 480w\" sizes=\"(max-width: 640px) 100vw, 640px\" \/>\t\t\t\t\t\t\t\t<\/a>\n\t\t\t\t\t\t\t\t\t\t\t\t\t<\/div>\n\t\t\t\t<\/div>\n\t\t\t\t<div class=\"elementor-element elementor-element-52c5d50 elementor-widget elementor-widget-heading\" data-id=\"52c5d50\" data-element_type=\"widget\" data-widget_type=\"heading.default\">\n\t\t\t\t<div class=\"elementor-widget-container\">\n\t\t\t<h2 class=\"elementor-heading-title elementor-size-default\"><a href=\"https:\/\/www.v4y.ee\/ru\/recruitment-rus\/\">\u041d\u0430\u0451\u043c \u0440\u0430\u0431\u043e\u0442\u043d\u0438\u043a\u043e\u0432<\/a><\/h2>\t\t<\/div>\n\t\t\t\t<\/div>\n\t\t\t\t\t<\/div>\n\t\t<\/div>\n\t\t\t\t<div class=\"elementor-column elementor-col-33 elementor-top-column elementor-element elementor-element-1824907\" data-id=\"1824907\" data-element_type=\"column\">\n\t\t\t<div class=\"elementor-widget-wrap elementor-element-populated\">\n\t\t\t\t\t\t<div class=\"elementor-element elementor-element-8c9bc52 elementor-widget elementor-widget-image\" data-id=\"8c9bc52\" data-element_type=\"widget\" data-widget_type=\"image.default\">\n\t\t\t\t<div class=\"elementor-widget-container\">\n\t\t\t\t\t\t\t\t\t\t\t\t\t\t<a href=\"https:\/\/www.v4y.ee\/ru\/legal-advice-rus\/\">\n\t\t\t\t\t\t\t<img decoding=\"async\" width=\"640\" height=\"400\" src=\"https:\/\/www.v4y.ee\/wp-content\/uploads\/2020\/02\/img_jurn\u00f5ustamine-640x400.jpeg\" class=\"attachment-onepress-medium size-onepress-medium wp-image-1528\" alt=\"\" srcset=\"https:\/\/www.v4y.ee\/wp-content\/uploads\/2020\/02\/img_jurn\u00f5ustamine-640x400.jpeg 640w, https:\/\/www.v4y.ee\/wp-content\/uploads\/2020\/02\/img_jurn\u00f5ustamine-480x300.jpeg 480w\" sizes=\"(max-width: 640px) 100vw, 640px\" \/>\t\t\t\t\t\t\t\t<\/a>\n\t\t\t\t\t\t\t\t\t\t\t\t\t<\/div>\n\t\t\t\t<\/div>\n\t\t\t\t<div class=\"elementor-element elementor-element-fa4be0f elementor-widget elementor-widget-heading\" data-id=\"fa4be0f\" data-element_type=\"widget\" data-widget_type=\"heading.default\">\n\t\t\t\t<div class=\"elementor-widget-container\">\n\t\t\t<h2 class=\"elementor-heading-title elementor-size-default\"><a href=\"https:\/\/www.v4y.ee\/ru\/legal-advice-rus\/\">\u042e\u0440\u0438\u0434\u0438\u0447\u0435\u0441\u043a\u0430\u044f \u043a\u043e\u043d\u0441\u0443\u043b\u044c\u0442\u0430\u0446\u0438\u044f<\/a><\/h2>\t\t<\/div>\n\t\t\t\t<\/div>\n\t\t\t\t\t<\/div>\n\t\t<\/div>\n\t\t\t\t\t<\/div>\n\t\t<\/section>\n\t\t\t\t<\/div>\n\t\t","protected":false},"excerpt":{"rendered":"<p>PAKUME T\u00d6\u00d6J\u00d5UDU: LOREM IPSUM DOLOR SIT AMET. HUVI KORRAL V\u00d5TA MEIEGA \u00dcHENDUST T\u00f6\u00f6j\u00f5urent V\u00e4rbamine Juriidiline n\u00f5ustamine<\/p>\n","protected":false},"author":1,"featured_media":0,"parent":0,"menu_order":0,"comment_status":"closed","ping_status":"closed","template":"template-fullwidth-stretched.php","meta":{"footnotes":""},"yoast_head":"<!-- This site is optimized with the Yoast SEO plugin v23.3 - https:\/\/yoast.com\/wordpress\/plugins\/seo\/ -->\n<title>Esileht - Vitality For You<\/title>\n<meta name=\"robots\" content=\"index, follow, max-snippet:-1, max-image-preview:large, max-video-preview:-1\" \/>\n<link rel=\"canonical\" href=\"https:\/\/www.v4y.ee\/ru\/\" \/>\n<meta property=\"og:locale\" content=\"ru_RU\" \/>\n<meta property=\"og:type\" content=\"article\" \/>\n<meta property=\"og:title\" content=\"Esileht - Vitality For You\" \/>\n<meta property=\"og:description\" content=\"PAKUME T\u00d6\u00d6J\u00d5UDU: LOREM IPSUM DOLOR SIT AMET. HUVI KORRAL V\u00d5TA MEIEGA \u00dcHENDUST T\u00f6\u00f6j\u00f5urent V\u00e4rbamine Juriidiline n\u00f5ustamine\" \/>\n<meta property=\"og:url\" content=\"https:\/\/www.v4y.ee\/ru\/\" \/>\n<meta property=\"og:site_name\" content=\"Vitality For You\" \/>\n<meta property=\"article:modified_time\" content=\"2020-07-29T13:32:58+00:00\" \/>\n<meta property=\"og:image\" content=\"http:\/\/www.v4y.ee\/wp-content\/uploads\/2017\/12\/25388715424_65480dbf18_k-640x400.jpg\" \/>\n<meta name=\"twitter:card\" content=\"summary_large_image\" \/>\n<script type=\"application\/ld+json\" class=\"yoast-schema-graph\">{\"@context\":\"https:\/\/schema.org\",\"@graph\":[{\"@type\":\"WebPage\",\"@id\":\"https:\/\/www.v4y.ee\/ru\/\",\"url\":\"https:\/\/www.v4y.ee\/ru\/\",\"name\":\"Esileht - Vitality For You\",\"isPartOf\":{\"@id\":\"https:\/\/www.v4y.ee\/#website\"},\"primaryImageOfPage\":{\"@id\":\"https:\/\/www.v4y.ee\/ru\/#primaryimage\"},\"image\":{\"@id\":\"https:\/\/www.v4y.ee\/ru\/#primaryimage\"},\"thumbnailUrl\":\"http:\/\/www.v4y.ee\/wp-content\/uploads\/2017\/12\/25388715424_65480dbf18_k-640x400.jpg\",\"datePublished\":\"2019-09-28T13:39:28+00:00\",\"dateModified\":\"2020-07-29T13:32:58+00:00\",\"breadcrumb\":{\"@id\":\"https:\/\/www.v4y.ee\/ru\/#breadcrumb\"},\"inLanguage\":\"ru-RU\",\"potentialAction\":[{\"@type\":\"ReadAction\",\"target\":[\"https:\/\/www.v4y.ee\/ru\/\"]}]},{\"@type\":\"ImageObject\",\"inLanguage\":\"ru-RU\",\"@id\":\"https:\/\/www.v4y.ee\/ru\/#primaryimage\",\"url\":\"http:\/\/www.v4y.ee\/wp-content\/uploads\/2017\/12\/25388715424_65480dbf18_k-640x400.jpg\",\"contentUrl\":\"http:\/\/www.v4y.ee\/wp-content\/uploads\/2017\/12\/25388715424_65480dbf18_k-640x400.jpg\"},{\"@type\":\"BreadcrumbList\",\"@id\":\"https:\/\/www.v4y.ee\/ru\/#breadcrumb\",\"itemListElement\":[{\"@type\":\"ListItem\",\"position\":1,\"name\":\"Home\",\"item\":\"https:\/\/www.v4y.ee\/ru\/\"},{\"@type\":\"ListItem\",\"position\":2,\"name\":\"Esileht\"}]},{\"@type\":\"WebSite\",\"@id\":\"https:\/\/www.v4y.ee\/#website\",\"url\":\"https:\/\/www.v4y.ee\/\",\"name\":\"Vitality For You\",\"description\":\"Labor Trading, Recruitment &amp; Legal Advice\",\"publisher\":{\"@id\":\"https:\/\/www.v4y.ee\/#organization\"},\"potentialAction\":[{\"@type\":\"SearchAction\",\"target\":{\"@type\":\"EntryPoint\",\"urlTemplate\":\"https:\/\/www.v4y.ee\/?s={search_term_string}\"},\"query-input\":\"required name=search_term_string\"}],\"inLanguage\":\"ru-RU\"},{\"@type\":\"Organization\",\"@id\":\"https:\/\/www.v4y.ee\/#organization\",\"name\":\"V4Y\",\"url\":\"https:\/\/www.v4y.ee\/\",\"logo\":{\"@type\":\"ImageObject\",\"inLanguage\":\"ru-RU\",\"@id\":\"https:\/\/www.v4y.ee\/#\/schema\/logo\/image\/\",\"url\":\"https:\/\/www.v4y.ee\/wp-content\/uploads\/2019\/09\/v4y-logo_v\u00e4rv.png\",\"contentUrl\":\"https:\/\/www.v4y.ee\/wp-content\/uploads\/2019\/09\/v4y-logo_v\u00e4rv.png\",\"width\":1080,\"height\":609,\"caption\":\"V4Y\"},\"image\":{\"@id\":\"https:\/\/www.v4y.ee\/#\/schema\/logo\/image\/\"}}]}<\/script>\n<!-- \/ Yoast SEO plugin. -->","yoast_head_json":{"title":"Esileht - Vitality For You","robots":{"index":"index","follow":"follow","max-snippet":"max-snippet:-1","max-image-preview":"max-image-preview:large","max-video-preview":"max-video-preview:-1"},"canonical":"https:\/\/www.v4y.ee\/ru\/","og_locale":"ru_RU","og_type":"article","og_title":"Esileht - Vitality For You","og_description":"PAKUME T\u00d6\u00d6J\u00d5UDU: LOREM IPSUM DOLOR SIT AMET. HUVI KORRAL V\u00d5TA MEIEGA \u00dcHENDUST T\u00f6\u00f6j\u00f5urent V\u00e4rbamine Juriidiline n\u00f5ustamine","og_url":"https:\/\/www.v4y.ee\/ru\/","og_site_name":"Vitality For You","article_modified_time":"2020-07-29T13:32:58+00:00","og_image":[{"url":"http:\/\/www.v4y.ee\/wp-content\/uploads\/2017\/12\/25388715424_65480dbf18_k-640x400.jpg"}],"twitter_card":"summary_large_image","schema":{"@context":"https:\/\/schema.org","@graph":[{"@type":"WebPage","@id":"https:\/\/www.v4y.ee\/ru\/","url":"https:\/\/www.v4y.ee\/ru\/","name":"Esileht - Vitality For You","isPartOf":{"@id":"https:\/\/www.v4y.ee\/#website"},"primaryImageOfPage":{"@id":"https:\/\/www.v4y.ee\/ru\/#primaryimage"},"image":{"@id":"https:\/\/www.v4y.ee\/ru\/#primaryimage"},"thumbnailUrl":"http:\/\/www.v4y.ee\/wp-content\/uploads\/2017\/12\/25388715424_65480dbf18_k-640x400.jpg","datePublished":"2019-09-28T13:39:28+00:00","dateModified":"2020-07-29T13:32:58+00:00","breadcrumb":{"@id":"https:\/\/www.v4y.ee\/ru\/#breadcrumb"},"inLanguage":"ru-RU","potentialAction":[{"@type":"ReadAction","target":["https:\/\/www.v4y.ee\/ru\/"]}]},{"@type":"ImageObject","inLanguage":"ru-RU","@id":"https:\/\/www.v4y.ee\/ru\/#primaryimage","url":"http:\/\/www.v4y.ee\/wp-content\/uploads\/2017\/12\/25388715424_65480dbf18_k-640x400.jpg","contentUrl":"http:\/\/www.v4y.ee\/wp-content\/uploads\/2017\/12\/25388715424_65480dbf18_k-640x400.jpg"},{"@type":"BreadcrumbList","@id":"https:\/\/www.v4y.ee\/ru\/#breadcrumb","itemListElement":[{"@type":"ListItem","position":1,"name":"Home","item":"https:\/\/www.v4y.ee\/ru\/"},{"@type":"ListItem","position":2,"name":"Esileht"}]},{"@type":"WebSite","@id":"https:\/\/www.v4y.ee\/#website","url":"https:\/\/www.v4y.ee\/","name":"Vitality For You","description":"Labor Trading, Recruitment &amp; Legal Advice","publisher":{"@id":"https:\/\/www.v4y.ee\/#organization"},"potentialAction":[{"@type":"SearchAction","target":{"@type":"EntryPoint","urlTemplate":"https:\/\/www.v4y.ee\/?s={search_term_string}"},"query-input":"required name=search_term_string"}],"inLanguage":"ru-RU"},{"@type":"Organization","@id":"https:\/\/www.v4y.ee\/#organization","name":"V4Y","url":"https:\/\/www.v4y.ee\/","logo":{"@type":"ImageObject","inLanguage":"ru-RU","@id":"https:\/\/www.v4y.ee\/#\/schema\/logo\/image\/","url":"https:\/\/www.v4y.ee\/wp-content\/uploads\/2019\/09\/v4y-logo_v\u00e4rv.png","contentUrl":"https:\/\/www.v4y.ee\/wp-content\/uploads\/2019\/09\/v4y-logo_v\u00e4rv.png","width":1080,"height":609,"caption":"V4Y"},"image":{"@id":"https:\/\/www.v4y.ee\/#\/schema\/logo\/image\/"}}]}},"_links":{"self":[{"href":"https:\/\/www.v4y.ee\/ru\/wp-json\/wp\/v2\/pages\/1553"}],"collection":[{"href":"https:\/\/www.v4y.ee\/ru\/wp-json\/wp\/v2\/pages"}],"about":[{"href":"https:\/\/www.v4y.ee\/ru\/wp-json\/wp\/v2\/types\/page"}],"author":[{"embeddable":true,"href":"https:\/\/www.v4y.ee\/ru\/wp-json\/wp\/v2\/users\/1"}],"replies":[{"embeddable":true,"href":"https:\/\/www.v4y.ee\/ru\/wp-json\/wp\/v2\/comments?post=1553"}],"version-history":[{"count":10,"href":"https:\/\/www.v4y.ee\/ru\/wp-json\/wp\/v2\/pages\/1553\/revisions"}],"predecessor-version":[{"id":1720,"href":"https:\/\/www.v4y.ee\/ru\/wp-json\/wp\/v2\/pages\/1553\/revisions\/1720"}],"wp:attachment":[{"href":"https:\/\/www.v4y.ee\/ru\/wp-json\/wp\/v2\/media?parent=1553"}],"curies":[{"name":"wp","href":"https:\/\/api.w.org\/{rel}","templated":true}]}}