{"id":1477,"date":"2020-01-20T23:05:01","date_gmt":"2020-01-20T20:05:01","guid":{"rendered":"https:\/\/v4y.ee\/?page_id=1477"},"modified":"2020-02-10T23:35:17","modified_gmt":"2020-02-10T20:35:17","slug":"toootsijale","status":"publish","type":"page","link":"https:\/\/www.v4y.ee\/et\/toootsijale\/","title":{"rendered":"T\u00f6\u00f6otsijale"},"content":{"rendered":"\n<h2 class=\"wp-block-heading\"><strong>Pakume t\u00f6\u00f6d erinevates valdkondades (lihtt\u00f6\u00f6lised, oskust\u00f6\u00f6lised ja ka spetsialistid) ja erinevates riikides.<\/strong><\/h2>\n\n\n\n<ul><li>Meie abiga v\u00f5id leida uue p\u00fcsiva v\u00f5i ajutise t\u00f6\u00f6koha.<\/li><li>Oleme abiks juriidiliste probleemide lahendamisel ja t\u00f6\u00f6viisade tegemisel.<\/li><li>V\u00f5ta meiega julgelt \u00fchendust ja leiame sulle sobiva t\u00f6\u00f6koha.<\/li><\/ul>\n\n\n\n<h3 class=\"wp-block-heading\"><strong>SAADA P\u00c4RING<\/strong><\/h3>\n\n\n\n<div class=\"wpforms-container wpforms-container-full\" id=\"wpforms-1437\"><form id=\"wpforms-form-1437\" class=\"wpforms-validate wpforms-form\" data-formid=\"1437\" method=\"post\" enctype=\"multipart\/form-data\" action=\"\/et\/wp-json\/wp\/v2\/pages\/1477\" data-token=\"51bb406c915af554136e5f5a38b937b6\" data-token-time=\"1778504287\"><noscript class=\"wpforms-error-noscript\">Please enable JavaScript in your browser to complete this form.<\/noscript><div class=\"wpforms-field-container\"><div id=\"wpforms-1437-field_0-container\" class=\"wpforms-field wpforms-field-name wpforms-one-half wpforms-first\" data-field-id=\"0\"><label class=\"wpforms-field-label\" for=\"wpforms-1437-field_0\">Ees- ja perekonnanimi <span class=\"wpforms-required-label\">*<\/span><\/label><input type=\"text\" id=\"wpforms-1437-field_0\" class=\"wpforms-field-medium wpforms-field-required\" name=\"wpforms[fields][0]\" required><\/div><div id=\"wpforms-1437-field_1-container\" class=\"wpforms-field wpforms-field-email wpforms-one-half\" data-field-id=\"1\"><label class=\"wpforms-field-label\" for=\"wpforms-1437-field_1\">E-postiaadress <span class=\"wpforms-required-label\">*<\/span><\/label><input type=\"email\" id=\"wpforms-1437-field_1\" class=\"wpforms-field-small wpforms-field-required\" name=\"wpforms[fields][1]\" spellcheck=\"false\" required><\/div><div id=\"wpforms-1437-field_2-container\" class=\"wpforms-field wpforms-field-textarea\" data-field-id=\"2\"><label class=\"wpforms-field-label\" for=\"wpforms-1437-field_2\">Vajad t\u00f6\u00f6tajat v\u00f5i soovid t\u00f6\u00f6le minna? Anna siin meile teada oma vajadustest <span class=\"wpforms-required-label\">*<\/span><\/label><textarea id=\"wpforms-1437-field_2\" class=\"wpforms-field-medium wpforms-field-required\" name=\"wpforms[fields][2]\" required><\/textarea><\/div><\/div><!-- .wpforms-field-container --><div class=\"wpforms-field wpforms-field-hp\"><label for=\"wpforms-1437-field-hp\" class=\"wpforms-field-label\">Website<\/label><input type=\"text\" name=\"wpforms[hp]\" id=\"wpforms-1437-field-hp\" class=\"wpforms-field-medium\"><\/div><div class=\"wpforms-submit-container\" ><input type=\"hidden\" name=\"wpforms[id]\" value=\"1437\"><input type=\"hidden\" name=\"page_title\" value=\"\"><input type=\"hidden\" name=\"page_url\" value=\"https:\/\/www.v4y.ee\/et\/wp-json\/wp\/v2\/pages\/1477\"><button type=\"submit\" name=\"wpforms[submit]\" id=\"wpforms-submit-1437\" class=\"wpforms-submit\" aria-live=\"assertive\" value=\"wpforms-submit\">Saada p\u00e4ring<\/button><\/div><\/form><\/div>  <!-- .wpforms-container -->\n\n\n\n<p><\/p>\n","protected":false},"excerpt":{"rendered":"<p>Pakume t\u00f6\u00f6d erinevates valdkondades (lihtt\u00f6\u00f6lised, oskust\u00f6\u00f6lised ja ka spetsialistid) ja erinevates riikides. Meie abiga v\u00f5id leida uue p\u00fcsiva v\u00f5i ajutise t\u00f6\u00f6koha. Oleme abiks juriidiliste probleemide lahendamisel ja t\u00f6\u00f6viisade tegemisel. V\u00f5ta &#8230;<\/p>\n","protected":false},"author":1,"featured_media":1530,"parent":0,"menu_order":0,"comment_status":"closed","ping_status":"closed","template":"template-fullwidth.php","meta":{"footnotes":""},"yoast_head":"<!-- This site is optimized with the Yoast SEO plugin v23.3 - https:\/\/yoast.com\/wordpress\/plugins\/seo\/ -->\n<title>T\u00f6\u00f6otsijale - Vitality For You<\/title>\n<meta name=\"robots\" content=\"index, follow, max-snippet:-1, max-image-preview:large, max-video-preview:-1\" \/>\n<link rel=\"canonical\" href=\"https:\/\/www.v4y.ee\/for-jobseekers\/\" \/>\n<meta property=\"og:locale\" content=\"et_EE\" \/>\n<meta property=\"og:type\" content=\"article\" \/>\n<meta property=\"og:title\" content=\"T\u00f6\u00f6otsijale - Vitality For You\" \/>\n<meta property=\"og:description\" content=\"Pakume t\u00f6\u00f6d erinevates valdkondades (lihtt\u00f6\u00f6lised, oskust\u00f6\u00f6lised ja ka spetsialistid) ja erinevates riikides. Meie abiga v\u00f5id leida uue p\u00fcsiva v\u00f5i ajutise t\u00f6\u00f6koha. Oleme abiks juriidiliste probleemide lahendamisel ja t\u00f6\u00f6viisade tegemisel. V\u00f5ta ...\" \/>\n<meta property=\"og:url\" content=\"https:\/\/www.v4y.ee\/for-jobseekers\/\" \/>\n<meta property=\"og:site_name\" content=\"Vitality For You\" \/>\n<meta property=\"article:modified_time\" content=\"2020-02-10T20:35:17+00:00\" \/>\n<meta property=\"og:image\" content=\"https:\/\/www.v4y.ee\/wp-content\/uploads\/2020\/02\/img_t\u00f6\u00f6otsijale.jpeg\" \/>\n\t<meta property=\"og:image:width\" content=\"1280\" \/>\n\t<meta property=\"og:image:height\" content=\"854\" \/>\n\t<meta property=\"og:image:type\" content=\"image\/jpeg\" \/>\n<meta name=\"twitter:card\" content=\"summary_large_image\" \/>\n<script type=\"application\/ld+json\" class=\"yoast-schema-graph\">{\"@context\":\"https:\/\/schema.org\",\"@graph\":[{\"@type\":\"WebPage\",\"@id\":\"https:\/\/www.v4y.ee\/for-jobseekers\/\",\"url\":\"https:\/\/www.v4y.ee\/for-jobseekers\/\",\"name\":\"T\u00f6\u00f6otsijale - Vitality For You\",\"isPartOf\":{\"@id\":\"https:\/\/www.v4y.ee\/#website\"},\"primaryImageOfPage\":{\"@id\":\"https:\/\/www.v4y.ee\/for-jobseekers\/#primaryimage\"},\"image\":{\"@id\":\"https:\/\/www.v4y.ee\/for-jobseekers\/#primaryimage\"},\"thumbnailUrl\":\"https:\/\/www.v4y.ee\/wp-content\/uploads\/2020\/02\/img_t\u00f6\u00f6otsijale.jpeg\",\"datePublished\":\"2020-01-20T20:05:01+00:00\",\"dateModified\":\"2020-02-10T20:35:17+00:00\",\"breadcrumb\":{\"@id\":\"https:\/\/www.v4y.ee\/for-jobseekers\/#breadcrumb\"},\"inLanguage\":\"et\",\"potentialAction\":[{\"@type\":\"ReadAction\",\"target\":[\"https:\/\/www.v4y.ee\/for-jobseekers\/\"]}]},{\"@type\":\"ImageObject\",\"inLanguage\":\"et\",\"@id\":\"https:\/\/www.v4y.ee\/for-jobseekers\/#primaryimage\",\"url\":\"https:\/\/www.v4y.ee\/wp-content\/uploads\/2020\/02\/img_t\u00f6\u00f6otsijale.jpeg\",\"contentUrl\":\"https:\/\/www.v4y.ee\/wp-content\/uploads\/2020\/02\/img_t\u00f6\u00f6otsijale.jpeg\",\"width\":1280,\"height\":854},{\"@type\":\"BreadcrumbList\",\"@id\":\"https:\/\/www.v4y.ee\/for-jobseekers\/#breadcrumb\",\"itemListElement\":[{\"@type\":\"ListItem\",\"position\":1,\"name\":\"Home\",\"item\":\"https:\/\/www.v4y.ee\/et\/\"},{\"@type\":\"ListItem\",\"position\":2,\"name\":\"T\u00f6\u00f6otsijale\"}]},{\"@type\":\"WebSite\",\"@id\":\"https:\/\/www.v4y.ee\/#website\",\"url\":\"https:\/\/www.v4y.ee\/\",\"name\":\"Vitality For You\",\"description\":\"Labor Trading, Recruitment &amp; Legal Advice\",\"publisher\":{\"@id\":\"https:\/\/www.v4y.ee\/#organization\"},\"potentialAction\":[{\"@type\":\"SearchAction\",\"target\":{\"@type\":\"EntryPoint\",\"urlTemplate\":\"https:\/\/www.v4y.ee\/?s={search_term_string}\"},\"query-input\":\"required name=search_term_string\"}],\"inLanguage\":\"et\"},{\"@type\":\"Organization\",\"@id\":\"https:\/\/www.v4y.ee\/#organization\",\"name\":\"V4Y\",\"url\":\"https:\/\/www.v4y.ee\/\",\"logo\":{\"@type\":\"ImageObject\",\"inLanguage\":\"et\",\"@id\":\"https:\/\/www.v4y.ee\/#\/schema\/logo\/image\/\",\"url\":\"https:\/\/www.v4y.ee\/wp-content\/uploads\/2019\/09\/v4y-logo_v\u00e4rv.png\",\"contentUrl\":\"https:\/\/www.v4y.ee\/wp-content\/uploads\/2019\/09\/v4y-logo_v\u00e4rv.png\",\"width\":1080,\"height\":609,\"caption\":\"V4Y\"},\"image\":{\"@id\":\"https:\/\/www.v4y.ee\/#\/schema\/logo\/image\/\"}}]}<\/script>\n<!-- \/ Yoast SEO plugin. -->","yoast_head_json":{"title":"T\u00f6\u00f6otsijale - Vitality For You","robots":{"index":"index","follow":"follow","max-snippet":"max-snippet:-1","max-image-preview":"max-image-preview:large","max-video-preview":"max-video-preview:-1"},"canonical":"https:\/\/www.v4y.ee\/for-jobseekers\/","og_locale":"et_EE","og_type":"article","og_title":"T\u00f6\u00f6otsijale - Vitality For You","og_description":"Pakume t\u00f6\u00f6d erinevates valdkondades (lihtt\u00f6\u00f6lised, oskust\u00f6\u00f6lised ja ka spetsialistid) ja erinevates riikides. Meie abiga v\u00f5id leida uue p\u00fcsiva v\u00f5i ajutise t\u00f6\u00f6koha. Oleme abiks juriidiliste probleemide lahendamisel ja t\u00f6\u00f6viisade tegemisel. V\u00f5ta ...","og_url":"https:\/\/www.v4y.ee\/for-jobseekers\/","og_site_name":"Vitality For You","article_modified_time":"2020-02-10T20:35:17+00:00","og_image":[{"width":1280,"height":854,"url":"https:\/\/www.v4y.ee\/wp-content\/uploads\/2020\/02\/img_t\u00f6\u00f6otsijale.jpeg","type":"image\/jpeg"}],"twitter_card":"summary_large_image","schema":{"@context":"https:\/\/schema.org","@graph":[{"@type":"WebPage","@id":"https:\/\/www.v4y.ee\/for-jobseekers\/","url":"https:\/\/www.v4y.ee\/for-jobseekers\/","name":"T\u00f6\u00f6otsijale - Vitality For You","isPartOf":{"@id":"https:\/\/www.v4y.ee\/#website"},"primaryImageOfPage":{"@id":"https:\/\/www.v4y.ee\/for-jobseekers\/#primaryimage"},"image":{"@id":"https:\/\/www.v4y.ee\/for-jobseekers\/#primaryimage"},"thumbnailUrl":"https:\/\/www.v4y.ee\/wp-content\/uploads\/2020\/02\/img_t\u00f6\u00f6otsijale.jpeg","datePublished":"2020-01-20T20:05:01+00:00","dateModified":"2020-02-10T20:35:17+00:00","breadcrumb":{"@id":"https:\/\/www.v4y.ee\/for-jobseekers\/#breadcrumb"},"inLanguage":"et","potentialAction":[{"@type":"ReadAction","target":["https:\/\/www.v4y.ee\/for-jobseekers\/"]}]},{"@type":"ImageObject","inLanguage":"et","@id":"https:\/\/www.v4y.ee\/for-jobseekers\/#primaryimage","url":"https:\/\/www.v4y.ee\/wp-content\/uploads\/2020\/02\/img_t\u00f6\u00f6otsijale.jpeg","contentUrl":"https:\/\/www.v4y.ee\/wp-content\/uploads\/2020\/02\/img_t\u00f6\u00f6otsijale.jpeg","width":1280,"height":854},{"@type":"BreadcrumbList","@id":"https:\/\/www.v4y.ee\/for-jobseekers\/#breadcrumb","itemListElement":[{"@type":"ListItem","position":1,"name":"Home","item":"https:\/\/www.v4y.ee\/et\/"},{"@type":"ListItem","position":2,"name":"T\u00f6\u00f6otsijale"}]},{"@type":"WebSite","@id":"https:\/\/www.v4y.ee\/#website","url":"https:\/\/www.v4y.ee\/","name":"Vitality For You","description":"Labor Trading, Recruitment &amp; Legal Advice","publisher":{"@id":"https:\/\/www.v4y.ee\/#organization"},"potentialAction":[{"@type":"SearchAction","target":{"@type":"EntryPoint","urlTemplate":"https:\/\/www.v4y.ee\/?s={search_term_string}"},"query-input":"required name=search_term_string"}],"inLanguage":"et"},{"@type":"Organization","@id":"https:\/\/www.v4y.ee\/#organization","name":"V4Y","url":"https:\/\/www.v4y.ee\/","logo":{"@type":"ImageObject","inLanguage":"et","@id":"https:\/\/www.v4y.ee\/#\/schema\/logo\/image\/","url":"https:\/\/www.v4y.ee\/wp-content\/uploads\/2019\/09\/v4y-logo_v\u00e4rv.png","contentUrl":"https:\/\/www.v4y.ee\/wp-content\/uploads\/2019\/09\/v4y-logo_v\u00e4rv.png","width":1080,"height":609,"caption":"V4Y"},"image":{"@id":"https:\/\/www.v4y.ee\/#\/schema\/logo\/image\/"}}]}},"_links":{"self":[{"href":"https:\/\/www.v4y.ee\/et\/wp-json\/wp\/v2\/pages\/1477"}],"collection":[{"href":"https:\/\/www.v4y.ee\/et\/wp-json\/wp\/v2\/pages"}],"about":[{"href":"https:\/\/www.v4y.ee\/et\/wp-json\/wp\/v2\/types\/page"}],"author":[{"embeddable":true,"href":"https:\/\/www.v4y.ee\/et\/wp-json\/wp\/v2\/users\/1"}],"replies":[{"embeddable":true,"href":"https:\/\/www.v4y.ee\/et\/wp-json\/wp\/v2\/comments?post=1477"}],"version-history":[{"count":3,"href":"https:\/\/www.v4y.ee\/et\/wp-json\/wp\/v2\/pages\/1477\/revisions"}],"predecessor-version":[{"id":1532,"href":"https:\/\/www.v4y.ee\/et\/wp-json\/wp\/v2\/pages\/1477\/revisions\/1532"}],"wp:featuredmedia":[{"embeddable":true,"href":"https:\/\/www.v4y.ee\/et\/wp-json\/wp\/v2\/media\/1530"}],"wp:attachment":[{"href":"https:\/\/www.v4y.ee\/et\/wp-json\/wp\/v2\/media?parent=1477"}],"curies":[{"name":"wp","href":"https:\/\/api.w.org\/{rel}","templated":true}]}}