{"id":1475,"date":"2020-01-20T23:03:42","date_gmt":"2020-01-20T20:03:42","guid":{"rendered":"https:\/\/v4y.ee\/?page_id=1475"},"modified":"2020-08-15T16:54:16","modified_gmt":"2020-08-15T13:54:16","slug":"juriidiline-noustamine","status":"publish","type":"page","link":"https:\/\/www.v4y.ee\/et\/juriidiline-noustamine\/","title":{"rendered":"Juriidiline n\u00f5ustamine"},"content":{"rendered":"\r\n<h2 class=\"wp-block-heading\">Pakume \u00f5igusteenust:<\/h2>\r\n<ol class=\"ol1\">\r\n<li class=\"li1\">Eraisikutele erinevates riikides ja erinevatest riikidest, dokumentatsiooni kordaajamisel ja lepingute s\u00f5lmimisel.<\/li>\r\n<li class=\"li1\">Ettev\u00f5tetele, kellel ei ole oma juristi.<\/li>\r\n<li class=\"li1\">Erinevate riikide ettev\u00f5ttele personali v\u00e4rbamisel tekkivate k\u00fcsimuste lahendamisel.<\/li>\r\n<\/ol>\r\n\r\n\r\n\r\n<p>Meie eesm\u00e4rk on olla usaldusv\u00e4rne partner juriidiliselt p\u00e4devate lahenduste leidmisel koost\u00f6\u00f6s kliendiga nii personalik\u00fcsimustes (t\u00f6\u00f6lepingud, erimeelsused t\u00f6\u00f6andja ja t\u00f6\u00f6taja vahel, lepitamised jne), kui ka ehitus- ja kinnisvara puudutavate lepingute s\u00f5lmimisel, lepingueelsete l\u00e4bir\u00e4\u00e4kimiste pidamisel v\u00f5i hilisemate vaidluste lahendamisel.<\/p>\r\n\r\n\r\n\r\n<h3 class=\"wp-block-heading\"><strong>SAADA P\u00c4RING<\/strong><\/h3>\r\n\r\n\r\n\r\n<div class=\"wpforms-container wpforms-container-full\" id=\"wpforms-1437\"><form id=\"wpforms-form-1437\" class=\"wpforms-validate wpforms-form\" data-formid=\"1437\" method=\"post\" enctype=\"multipart\/form-data\" action=\"\/et\/wp-json\/wp\/v2\/pages\/1475\" data-token=\"51bb406c915af554136e5f5a38b937b6\" data-token-time=\"1778501687\"><noscript class=\"wpforms-error-noscript\">Please enable JavaScript in your browser to complete this form.<\/noscript><div class=\"wpforms-field-container\"><div id=\"wpforms-1437-field_0-container\" class=\"wpforms-field wpforms-field-name wpforms-one-half wpforms-first\" data-field-id=\"0\"><label class=\"wpforms-field-label\" for=\"wpforms-1437-field_0\">Ees- ja perekonnanimi <span class=\"wpforms-required-label\">*<\/span><\/label><input type=\"text\" id=\"wpforms-1437-field_0\" class=\"wpforms-field-medium wpforms-field-required\" name=\"wpforms[fields][0]\" required><\/div><div id=\"wpforms-1437-field_1-container\" class=\"wpforms-field wpforms-field-email wpforms-one-half\" data-field-id=\"1\"><label class=\"wpforms-field-label\" for=\"wpforms-1437-field_1\">E-postiaadress <span class=\"wpforms-required-label\">*<\/span><\/label><input type=\"email\" id=\"wpforms-1437-field_1\" class=\"wpforms-field-small wpforms-field-required\" name=\"wpforms[fields][1]\" spellcheck=\"false\" required><\/div><div id=\"wpforms-1437-field_2-container\" class=\"wpforms-field wpforms-field-textarea\" data-field-id=\"2\"><label class=\"wpforms-field-label\" for=\"wpforms-1437-field_2\">Vajad t\u00f6\u00f6tajat v\u00f5i soovid t\u00f6\u00f6le minna? Anna siin meile teada oma vajadustest <span class=\"wpforms-required-label\">*<\/span><\/label><textarea id=\"wpforms-1437-field_2\" class=\"wpforms-field-medium wpforms-field-required\" name=\"wpforms[fields][2]\" required><\/textarea><\/div><\/div><!-- .wpforms-field-container --><div class=\"wpforms-field wpforms-field-hp\"><label for=\"wpforms-1437-field-hp\" class=\"wpforms-field-label\">Message<\/label><input type=\"text\" name=\"wpforms[hp]\" id=\"wpforms-1437-field-hp\" class=\"wpforms-field-medium\"><\/div><div class=\"wpforms-submit-container\" ><input type=\"hidden\" name=\"wpforms[id]\" value=\"1437\"><input type=\"hidden\" name=\"page_title\" value=\"\"><input type=\"hidden\" name=\"page_url\" value=\"https:\/\/www.v4y.ee\/et\/wp-json\/wp\/v2\/pages\/1475\"><button type=\"submit\" name=\"wpforms[submit]\" id=\"wpforms-submit-1437\" class=\"wpforms-submit\" aria-live=\"assertive\" value=\"wpforms-submit\">Saada p\u00e4ring<\/button><\/div><\/form><\/div>  <!-- .wpforms-container -->\r\n\r\n\r\n\r\n<p>&nbsp;<\/p>\r\n","protected":false},"excerpt":{"rendered":"<p>Pakume \u00f5igusteenust: Eraisikutele erinevates riikides ja erinevatest riikidest, dokumentatsiooni kordaajamisel ja lepingute s\u00f5lmimisel. Ettev\u00f5tetele, kellel ei ole oma juristi. Erinevate riikide ettev\u00f5ttele personali v\u00e4rbamisel tekkivate k\u00fcsimuste lahendamisel. Meie eesm\u00e4rk on &#8230;<\/p>\n","protected":false},"author":1,"featured_media":1528,"parent":0,"menu_order":0,"comment_status":"closed","ping_status":"closed","template":"template-fullwidth.php","meta":{"footnotes":""},"yoast_head":"<!-- This site is optimized with the Yoast SEO plugin v23.3 - https:\/\/yoast.com\/wordpress\/plugins\/seo\/ -->\n<title>Juriidiline n\u00f5ustamine - Vitality For You<\/title>\n<meta name=\"robots\" content=\"index, follow, max-snippet:-1, max-image-preview:large, max-video-preview:-1\" \/>\n<link rel=\"canonical\" href=\"https:\/\/www.v4y.ee\/et\/juriidiline-noustamine\/\" \/>\n<meta property=\"og:locale\" content=\"et_EE\" \/>\n<meta property=\"og:type\" content=\"article\" \/>\n<meta property=\"og:title\" content=\"Juriidiline n\u00f5ustamine - Vitality For You\" \/>\n<meta property=\"og:description\" content=\"Pakume \u00f5igusteenust: Eraisikutele erinevates riikides ja erinevatest riikidest, dokumentatsiooni kordaajamisel ja lepingute s\u00f5lmimisel. Ettev\u00f5tetele, kellel ei ole oma juristi. Erinevate riikide ettev\u00f5ttele personali v\u00e4rbamisel tekkivate k\u00fcsimuste lahendamisel. Meie eesm\u00e4rk on ...\" \/>\n<meta property=\"og:url\" content=\"https:\/\/www.v4y.ee\/et\/juriidiline-noustamine\/\" \/>\n<meta property=\"og:site_name\" content=\"Vitality For You\" \/>\n<meta property=\"article:modified_time\" content=\"2020-08-15T13:54:16+00:00\" \/>\n<meta property=\"og:image\" content=\"https:\/\/www.v4y.ee\/wp-content\/uploads\/2020\/02\/img_jurn\u00f5ustamine.jpeg\" \/>\n\t<meta property=\"og:image:width\" content=\"1280\" \/>\n\t<meta property=\"og:image:height\" content=\"850\" \/>\n\t<meta property=\"og:image:type\" content=\"image\/jpeg\" \/>\n<meta name=\"twitter:card\" content=\"summary_large_image\" \/>\n<script type=\"application\/ld+json\" class=\"yoast-schema-graph\">{\"@context\":\"https:\/\/schema.org\",\"@graph\":[{\"@type\":\"WebPage\",\"@id\":\"https:\/\/www.v4y.ee\/et\/juriidiline-noustamine\/\",\"url\":\"https:\/\/www.v4y.ee\/et\/juriidiline-noustamine\/\",\"name\":\"Juriidiline n\u00f5ustamine - Vitality For You\",\"isPartOf\":{\"@id\":\"https:\/\/www.v4y.ee\/#website\"},\"primaryImageOfPage\":{\"@id\":\"https:\/\/www.v4y.ee\/et\/juriidiline-noustamine\/#primaryimage\"},\"image\":{\"@id\":\"https:\/\/www.v4y.ee\/et\/juriidiline-noustamine\/#primaryimage\"},\"thumbnailUrl\":\"https:\/\/www.v4y.ee\/wp-content\/uploads\/2020\/02\/img_jurn\u00f5ustamine.jpeg\",\"datePublished\":\"2020-01-20T20:03:42+00:00\",\"dateModified\":\"2020-08-15T13:54:16+00:00\",\"breadcrumb\":{\"@id\":\"https:\/\/www.v4y.ee\/et\/juriidiline-noustamine\/#breadcrumb\"},\"inLanguage\":\"et\",\"potentialAction\":[{\"@type\":\"ReadAction\",\"target\":[\"https:\/\/www.v4y.ee\/et\/juriidiline-noustamine\/\"]}]},{\"@type\":\"ImageObject\",\"inLanguage\":\"et\",\"@id\":\"https:\/\/www.v4y.ee\/et\/juriidiline-noustamine\/#primaryimage\",\"url\":\"https:\/\/www.v4y.ee\/wp-content\/uploads\/2020\/02\/img_jurn\u00f5ustamine.jpeg\",\"contentUrl\":\"https:\/\/www.v4y.ee\/wp-content\/uploads\/2020\/02\/img_jurn\u00f5ustamine.jpeg\",\"width\":1280,\"height\":850},{\"@type\":\"BreadcrumbList\",\"@id\":\"https:\/\/www.v4y.ee\/et\/juriidiline-noustamine\/#breadcrumb\",\"itemListElement\":[{\"@type\":\"ListItem\",\"position\":1,\"name\":\"Home\",\"item\":\"https:\/\/www.v4y.ee\/et\/\"},{\"@type\":\"ListItem\",\"position\":2,\"name\":\"Juriidiline n\u00f5ustamine\"}]},{\"@type\":\"WebSite\",\"@id\":\"https:\/\/www.v4y.ee\/#website\",\"url\":\"https:\/\/www.v4y.ee\/\",\"name\":\"Vitality For You\",\"description\":\"Labor Trading, Recruitment &amp; Legal Advice\",\"publisher\":{\"@id\":\"https:\/\/www.v4y.ee\/#organization\"},\"potentialAction\":[{\"@type\":\"SearchAction\",\"target\":{\"@type\":\"EntryPoint\",\"urlTemplate\":\"https:\/\/www.v4y.ee\/?s={search_term_string}\"},\"query-input\":\"required name=search_term_string\"}],\"inLanguage\":\"et\"},{\"@type\":\"Organization\",\"@id\":\"https:\/\/www.v4y.ee\/#organization\",\"name\":\"V4Y\",\"url\":\"https:\/\/www.v4y.ee\/\",\"logo\":{\"@type\":\"ImageObject\",\"inLanguage\":\"et\",\"@id\":\"https:\/\/www.v4y.ee\/#\/schema\/logo\/image\/\",\"url\":\"https:\/\/www.v4y.ee\/wp-content\/uploads\/2019\/09\/v4y-logo_v\u00e4rv.png\",\"contentUrl\":\"https:\/\/www.v4y.ee\/wp-content\/uploads\/2019\/09\/v4y-logo_v\u00e4rv.png\",\"width\":1080,\"height\":609,\"caption\":\"V4Y\"},\"image\":{\"@id\":\"https:\/\/www.v4y.ee\/#\/schema\/logo\/image\/\"}}]}<\/script>\n<!-- \/ Yoast SEO plugin. -->","yoast_head_json":{"title":"Juriidiline n\u00f5ustamine - Vitality For You","robots":{"index":"index","follow":"follow","max-snippet":"max-snippet:-1","max-image-preview":"max-image-preview:large","max-video-preview":"max-video-preview:-1"},"canonical":"https:\/\/www.v4y.ee\/et\/juriidiline-noustamine\/","og_locale":"et_EE","og_type":"article","og_title":"Juriidiline n\u00f5ustamine - Vitality For You","og_description":"Pakume \u00f5igusteenust: Eraisikutele erinevates riikides ja erinevatest riikidest, dokumentatsiooni kordaajamisel ja lepingute s\u00f5lmimisel. Ettev\u00f5tetele, kellel ei ole oma juristi. Erinevate riikide ettev\u00f5ttele personali v\u00e4rbamisel tekkivate k\u00fcsimuste lahendamisel. Meie eesm\u00e4rk on ...","og_url":"https:\/\/www.v4y.ee\/et\/juriidiline-noustamine\/","og_site_name":"Vitality For You","article_modified_time":"2020-08-15T13:54:16+00:00","og_image":[{"width":1280,"height":850,"url":"https:\/\/www.v4y.ee\/wp-content\/uploads\/2020\/02\/img_jurn\u00f5ustamine.jpeg","type":"image\/jpeg"}],"twitter_card":"summary_large_image","schema":{"@context":"https:\/\/schema.org","@graph":[{"@type":"WebPage","@id":"https:\/\/www.v4y.ee\/et\/juriidiline-noustamine\/","url":"https:\/\/www.v4y.ee\/et\/juriidiline-noustamine\/","name":"Juriidiline n\u00f5ustamine - Vitality For You","isPartOf":{"@id":"https:\/\/www.v4y.ee\/#website"},"primaryImageOfPage":{"@id":"https:\/\/www.v4y.ee\/et\/juriidiline-noustamine\/#primaryimage"},"image":{"@id":"https:\/\/www.v4y.ee\/et\/juriidiline-noustamine\/#primaryimage"},"thumbnailUrl":"https:\/\/www.v4y.ee\/wp-content\/uploads\/2020\/02\/img_jurn\u00f5ustamine.jpeg","datePublished":"2020-01-20T20:03:42+00:00","dateModified":"2020-08-15T13:54:16+00:00","breadcrumb":{"@id":"https:\/\/www.v4y.ee\/et\/juriidiline-noustamine\/#breadcrumb"},"inLanguage":"et","potentialAction":[{"@type":"ReadAction","target":["https:\/\/www.v4y.ee\/et\/juriidiline-noustamine\/"]}]},{"@type":"ImageObject","inLanguage":"et","@id":"https:\/\/www.v4y.ee\/et\/juriidiline-noustamine\/#primaryimage","url":"https:\/\/www.v4y.ee\/wp-content\/uploads\/2020\/02\/img_jurn\u00f5ustamine.jpeg","contentUrl":"https:\/\/www.v4y.ee\/wp-content\/uploads\/2020\/02\/img_jurn\u00f5ustamine.jpeg","width":1280,"height":850},{"@type":"BreadcrumbList","@id":"https:\/\/www.v4y.ee\/et\/juriidiline-noustamine\/#breadcrumb","itemListElement":[{"@type":"ListItem","position":1,"name":"Home","item":"https:\/\/www.v4y.ee\/et\/"},{"@type":"ListItem","position":2,"name":"Juriidiline n\u00f5ustamine"}]},{"@type":"WebSite","@id":"https:\/\/www.v4y.ee\/#website","url":"https:\/\/www.v4y.ee\/","name":"Vitality For You","description":"Labor Trading, Recruitment &amp; Legal Advice","publisher":{"@id":"https:\/\/www.v4y.ee\/#organization"},"potentialAction":[{"@type":"SearchAction","target":{"@type":"EntryPoint","urlTemplate":"https:\/\/www.v4y.ee\/?s={search_term_string}"},"query-input":"required name=search_term_string"}],"inLanguage":"et"},{"@type":"Organization","@id":"https:\/\/www.v4y.ee\/#organization","name":"V4Y","url":"https:\/\/www.v4y.ee\/","logo":{"@type":"ImageObject","inLanguage":"et","@id":"https:\/\/www.v4y.ee\/#\/schema\/logo\/image\/","url":"https:\/\/www.v4y.ee\/wp-content\/uploads\/2019\/09\/v4y-logo_v\u00e4rv.png","contentUrl":"https:\/\/www.v4y.ee\/wp-content\/uploads\/2019\/09\/v4y-logo_v\u00e4rv.png","width":1080,"height":609,"caption":"V4Y"},"image":{"@id":"https:\/\/www.v4y.ee\/#\/schema\/logo\/image\/"}}]}},"_links":{"self":[{"href":"https:\/\/www.v4y.ee\/et\/wp-json\/wp\/v2\/pages\/1475"}],"collection":[{"href":"https:\/\/www.v4y.ee\/et\/wp-json\/wp\/v2\/pages"}],"about":[{"href":"https:\/\/www.v4y.ee\/et\/wp-json\/wp\/v2\/types\/page"}],"author":[{"embeddable":true,"href":"https:\/\/www.v4y.ee\/et\/wp-json\/wp\/v2\/users\/1"}],"replies":[{"embeddable":true,"href":"https:\/\/www.v4y.ee\/et\/wp-json\/wp\/v2\/comments?post=1475"}],"version-history":[{"count":5,"href":"https:\/\/www.v4y.ee\/et\/wp-json\/wp\/v2\/pages\/1475\/revisions"}],"predecessor-version":[{"id":1726,"href":"https:\/\/www.v4y.ee\/et\/wp-json\/wp\/v2\/pages\/1475\/revisions\/1726"}],"wp:featuredmedia":[{"embeddable":true,"href":"https:\/\/www.v4y.ee\/et\/wp-json\/wp\/v2\/media\/1528"}],"wp:attachment":[{"href":"https:\/\/www.v4y.ee\/et\/wp-json\/wp\/v2\/media?parent=1475"}],"curies":[{"name":"wp","href":"https:\/\/api.w.org\/{rel}","templated":true}]}}