{"id":1460,"date":"2020-01-20T20:44:18","date_gmt":"2020-01-20T17:44:18","guid":{"rendered":"https:\/\/v4y.ee\/?page_id=1460"},"modified":"2020-02-10T23:35:03","modified_gmt":"2020-02-10T20:35:03","slug":"toojourent","status":"publish","type":"page","link":"https:\/\/www.v4y.ee\/et\/toojourent\/","title":{"rendered":"T\u00f6\u00f6j\u00f5urent"},"content":{"rendered":"\n<h2 class=\"wp-block-heading\"><strong>T\u00f6\u00f6j\u00f5urent on loodud, et olla abiks&nbsp;ettev\u00f5tjale.&nbsp;Leiame sobiva t\u00f6\u00f6taja v\u00f5i t\u00f6\u00f6tajad,&nbsp;kes vastavad teie esitatud n\u00f5udmistele.<\/strong><\/h2>\n\n\n\n<blockquote class=\"wp-block-quote is-layout-flow wp-block-quote-is-layout-flow\"><p>Meie poolt k\u00f5ik juriidilised dokumentatsioonid (n\u00e4it: t\u00f6\u00f6viisad), kindlustused ning muud kokkulepitud lahendused.<\/p><\/blockquote>\n\n\n\n<p>Rendit\u00f6\u00f6 puhul on tegu kolmepoolse suhtega. Kui klassikalises t\u00f6\u00f6suhtes osaleb kaks poolt \u2013 t\u00f6\u00f6taja ja t\u00f6\u00f6andja \u2013, siis rendit\u00f6\u00f6 puhul osaleb kolmanda osalisena kasutajaettev\u00f5tja. Rendit\u00f6\u00f6suhtes s\u00f5lmib t\u00f6\u00f6andja ehk rendiagentuur rendit\u00f6\u00f6tajaga t\u00f6\u00f6lepingu, mille alusel saadetakse rendit\u00f6\u00f6taja tegema ajutiselt t\u00f6\u00f6d kolmanda isiku ehk kasutajaettev\u00f5tja juurde viimase juhtimisel ja j\u00e4relevalve all. Rendiagentuur ja kasutajaettev\u00f5tja s\u00f5lmivad omavahel v\u00f5la\u00f5igusliku kokkuleppe, mis nendevahelist koost\u00f6\u00f6d reguleerib.<\/p>\n\n\n\n<p>T\u00f6\u00f6j\u00f5urent&nbsp;on m\u00f5eldud ettev\u00f5tjale, kes ei soovi t\u00f6\u00f6tajaid v\u00e4rvata, ning samuti v\u00e4iksematele ettev\u00f5tetele, kes on v\u00f5itnud hanke, kuid kellel endal ei ole piisavalt t\u00f6\u00f6tajaid, et suurenenud t\u00f6\u00f6mahuga toime tulla. T\u00f6\u00f6j\u00f5urendi kasutamisel j\u00e4\u00e4vad k\u00f5ik personaliga seotud toimingud&nbsp;<strong>rendifirma<\/strong>&nbsp;kanda. Ettev\u00f5ttel j\u00e4\u00e4b seega rohkem aega tegeleda oma p\u00f5hitegevusega.<\/p>\n\n\n\n<h3 class=\"wp-block-heading\"><strong>SAADA P\u00c4RING<\/strong><\/h3>\n\n\n\n<div class=\"wpforms-container wpforms-container-full\" id=\"wpforms-1437\"><form id=\"wpforms-form-1437\" class=\"wpforms-validate wpforms-form\" data-formid=\"1437\" method=\"post\" enctype=\"multipart\/form-data\" action=\"\/et\/wp-json\/wp\/v2\/pages\/1460\" data-token=\"585c7d8ea4c5a21c5ee423f2f5cf4c39\" data-token-time=\"1776761454\"><noscript class=\"wpforms-error-noscript\">Please enable JavaScript in your browser to complete this form.<\/noscript><div class=\"wpforms-field-container\"><div id=\"wpforms-1437-field_0-container\" class=\"wpforms-field wpforms-field-name wpforms-one-half wpforms-first\" data-field-id=\"0\"><label class=\"wpforms-field-label\" for=\"wpforms-1437-field_0\">Ees- ja perekonnanimi <span class=\"wpforms-required-label\">*<\/span><\/label><input type=\"text\" id=\"wpforms-1437-field_0\" class=\"wpforms-field-medium wpforms-field-required\" name=\"wpforms[fields][0]\" required><\/div><div id=\"wpforms-1437-field_1-container\" class=\"wpforms-field wpforms-field-email wpforms-one-half\" data-field-id=\"1\"><label class=\"wpforms-field-label\" for=\"wpforms-1437-field_1\">E-postiaadress <span class=\"wpforms-required-label\">*<\/span><\/label><input type=\"email\" id=\"wpforms-1437-field_1\" class=\"wpforms-field-small wpforms-field-required\" name=\"wpforms[fields][1]\" spellcheck=\"false\" required><\/div><div id=\"wpforms-1437-field_2-container\" class=\"wpforms-field wpforms-field-textarea\" data-field-id=\"2\"><label class=\"wpforms-field-label\" for=\"wpforms-1437-field_2\">Vajad t\u00f6\u00f6tajat v\u00f5i soovid t\u00f6\u00f6le minna? Anna siin meile teada oma vajadustest <span class=\"wpforms-required-label\">*<\/span><\/label><textarea id=\"wpforms-1437-field_2\" class=\"wpforms-field-medium wpforms-field-required\" name=\"wpforms[fields][2]\" required><\/textarea><\/div><\/div><!-- .wpforms-field-container --><div class=\"wpforms-field wpforms-field-hp\"><label for=\"wpforms-1437-field-hp\" class=\"wpforms-field-label\">Name<\/label><input type=\"text\" name=\"wpforms[hp]\" id=\"wpforms-1437-field-hp\" class=\"wpforms-field-medium\"><\/div><div class=\"wpforms-submit-container\" ><input type=\"hidden\" name=\"wpforms[id]\" value=\"1437\"><input type=\"hidden\" name=\"page_title\" value=\"\"><input type=\"hidden\" name=\"page_url\" value=\"https:\/\/www.v4y.ee\/et\/wp-json\/wp\/v2\/pages\/1460\"><button type=\"submit\" name=\"wpforms[submit]\" id=\"wpforms-submit-1437\" class=\"wpforms-submit\" aria-live=\"assertive\" value=\"wpforms-submit\">Saada p\u00e4ring<\/button><\/div><\/form><\/div>  <!-- .wpforms-container -->\n","protected":false},"excerpt":{"rendered":"<p>T\u00f6\u00f6j\u00f5urent on loodud, et olla abiks&nbsp;ettev\u00f5tjale.&nbsp;Leiame sobiva t\u00f6\u00f6taja v\u00f5i t\u00f6\u00f6tajad,&nbsp;kes vastavad teie esitatud n\u00f5udmistele. Meie poolt k\u00f5ik juriidilised dokumentatsioonid (n\u00e4it: t\u00f6\u00f6viisad), kindlustused ning muud kokkulepitud lahendused. Rendit\u00f6\u00f6 puhul on tegu &#8230;<\/p>\n","protected":false},"author":1,"featured_media":1519,"parent":0,"menu_order":0,"comment_status":"closed","ping_status":"closed","template":"template-fullwidth.php","meta":{"footnotes":""},"yoast_head":"<!-- This site is optimized with the Yoast SEO plugin v23.3 - https:\/\/yoast.com\/wordpress\/plugins\/seo\/ -->\n<title>T\u00f6\u00f6j\u00f5urent - Vitality For You<\/title>\n<meta name=\"robots\" content=\"index, follow, max-snippet:-1, max-image-preview:large, max-video-preview:-1\" \/>\n<link rel=\"canonical\" href=\"https:\/\/www.v4y.ee\/labor-trading\/\" \/>\n<meta property=\"og:locale\" content=\"et_EE\" \/>\n<meta property=\"og:type\" content=\"article\" \/>\n<meta property=\"og:title\" content=\"T\u00f6\u00f6j\u00f5urent - Vitality For You\" \/>\n<meta property=\"og:description\" content=\"T\u00f6\u00f6j\u00f5urent on loodud, et olla abiks&nbsp;ettev\u00f5tjale.&nbsp;Leiame sobiva t\u00f6\u00f6taja v\u00f5i t\u00f6\u00f6tajad,&nbsp;kes vastavad teie esitatud n\u00f5udmistele. Meie poolt k\u00f5ik juriidilised dokumentatsioonid (n\u00e4it: t\u00f6\u00f6viisad), kindlustused ning muud kokkulepitud lahendused. Rendit\u00f6\u00f6 puhul on tegu ...\" \/>\n<meta property=\"og:url\" content=\"https:\/\/www.v4y.ee\/labor-trading\/\" \/>\n<meta property=\"og:site_name\" content=\"Vitality For You\" \/>\n<meta property=\"article:modified_time\" content=\"2020-02-10T20:35:03+00:00\" \/>\n<meta property=\"og:image\" content=\"https:\/\/www.v4y.ee\/wp-content\/uploads\/2020\/02\/img_t\u00f6\u00f6j\u00f5urent.jpg\" \/>\n\t<meta property=\"og:image:width\" content=\"1400\" \/>\n\t<meta property=\"og:image:height\" content=\"934\" \/>\n\t<meta property=\"og:image:type\" content=\"image\/jpeg\" \/>\n<meta name=\"twitter:card\" content=\"summary_large_image\" \/>\n<meta name=\"twitter:label1\" content=\"Est. reading time\" \/>\n\t<meta name=\"twitter:data1\" content=\"1 minut\" \/>\n<script type=\"application\/ld+json\" class=\"yoast-schema-graph\">{\"@context\":\"https:\/\/schema.org\",\"@graph\":[{\"@type\":\"WebPage\",\"@id\":\"https:\/\/www.v4y.ee\/labor-trading\/\",\"url\":\"https:\/\/www.v4y.ee\/labor-trading\/\",\"name\":\"T\u00f6\u00f6j\u00f5urent - Vitality For You\",\"isPartOf\":{\"@id\":\"https:\/\/www.v4y.ee\/#website\"},\"primaryImageOfPage\":{\"@id\":\"https:\/\/www.v4y.ee\/labor-trading\/#primaryimage\"},\"image\":{\"@id\":\"https:\/\/www.v4y.ee\/labor-trading\/#primaryimage\"},\"thumbnailUrl\":\"https:\/\/www.v4y.ee\/wp-content\/uploads\/2020\/02\/img_t\u00f6\u00f6j\u00f5urent.jpg\",\"datePublished\":\"2020-01-20T17:44:18+00:00\",\"dateModified\":\"2020-02-10T20:35:03+00:00\",\"breadcrumb\":{\"@id\":\"https:\/\/www.v4y.ee\/labor-trading\/#breadcrumb\"},\"inLanguage\":\"et\",\"potentialAction\":[{\"@type\":\"ReadAction\",\"target\":[\"https:\/\/www.v4y.ee\/labor-trading\/\"]}]},{\"@type\":\"ImageObject\",\"inLanguage\":\"et\",\"@id\":\"https:\/\/www.v4y.ee\/labor-trading\/#primaryimage\",\"url\":\"https:\/\/www.v4y.ee\/wp-content\/uploads\/2020\/02\/img_t\u00f6\u00f6j\u00f5urent.jpg\",\"contentUrl\":\"https:\/\/www.v4y.ee\/wp-content\/uploads\/2020\/02\/img_t\u00f6\u00f6j\u00f5urent.jpg\",\"width\":1400,\"height\":934},{\"@type\":\"BreadcrumbList\",\"@id\":\"https:\/\/www.v4y.ee\/labor-trading\/#breadcrumb\",\"itemListElement\":[{\"@type\":\"ListItem\",\"position\":1,\"name\":\"Home\",\"item\":\"https:\/\/www.v4y.ee\/et\/\"},{\"@type\":\"ListItem\",\"position\":2,\"name\":\"T\u00f6\u00f6j\u00f5urent\"}]},{\"@type\":\"WebSite\",\"@id\":\"https:\/\/www.v4y.ee\/#website\",\"url\":\"https:\/\/www.v4y.ee\/\",\"name\":\"Vitality For You\",\"description\":\"Labor Trading, Recruitment &amp; Legal Advice\",\"publisher\":{\"@id\":\"https:\/\/www.v4y.ee\/#organization\"},\"potentialAction\":[{\"@type\":\"SearchAction\",\"target\":{\"@type\":\"EntryPoint\",\"urlTemplate\":\"https:\/\/www.v4y.ee\/?s={search_term_string}\"},\"query-input\":\"required name=search_term_string\"}],\"inLanguage\":\"et\"},{\"@type\":\"Organization\",\"@id\":\"https:\/\/www.v4y.ee\/#organization\",\"name\":\"V4Y\",\"url\":\"https:\/\/www.v4y.ee\/\",\"logo\":{\"@type\":\"ImageObject\",\"inLanguage\":\"et\",\"@id\":\"https:\/\/www.v4y.ee\/#\/schema\/logo\/image\/\",\"url\":\"https:\/\/www.v4y.ee\/wp-content\/uploads\/2019\/09\/v4y-logo_v\u00e4rv.png\",\"contentUrl\":\"https:\/\/www.v4y.ee\/wp-content\/uploads\/2019\/09\/v4y-logo_v\u00e4rv.png\",\"width\":1080,\"height\":609,\"caption\":\"V4Y\"},\"image\":{\"@id\":\"https:\/\/www.v4y.ee\/#\/schema\/logo\/image\/\"}}]}<\/script>\n<!-- \/ Yoast SEO plugin. -->","yoast_head_json":{"title":"T\u00f6\u00f6j\u00f5urent - Vitality For You","robots":{"index":"index","follow":"follow","max-snippet":"max-snippet:-1","max-image-preview":"max-image-preview:large","max-video-preview":"max-video-preview:-1"},"canonical":"https:\/\/www.v4y.ee\/labor-trading\/","og_locale":"et_EE","og_type":"article","og_title":"T\u00f6\u00f6j\u00f5urent - Vitality For You","og_description":"T\u00f6\u00f6j\u00f5urent on loodud, et olla abiks&nbsp;ettev\u00f5tjale.&nbsp;Leiame sobiva t\u00f6\u00f6taja v\u00f5i t\u00f6\u00f6tajad,&nbsp;kes vastavad teie esitatud n\u00f5udmistele. Meie poolt k\u00f5ik juriidilised dokumentatsioonid (n\u00e4it: t\u00f6\u00f6viisad), kindlustused ning muud kokkulepitud lahendused. Rendit\u00f6\u00f6 puhul on tegu ...","og_url":"https:\/\/www.v4y.ee\/labor-trading\/","og_site_name":"Vitality For You","article_modified_time":"2020-02-10T20:35:03+00:00","og_image":[{"width":1400,"height":934,"url":"https:\/\/www.v4y.ee\/wp-content\/uploads\/2020\/02\/img_t\u00f6\u00f6j\u00f5urent.jpg","type":"image\/jpeg"}],"twitter_card":"summary_large_image","twitter_misc":{"Est. reading time":"1 minut"},"schema":{"@context":"https:\/\/schema.org","@graph":[{"@type":"WebPage","@id":"https:\/\/www.v4y.ee\/labor-trading\/","url":"https:\/\/www.v4y.ee\/labor-trading\/","name":"T\u00f6\u00f6j\u00f5urent - Vitality For You","isPartOf":{"@id":"https:\/\/www.v4y.ee\/#website"},"primaryImageOfPage":{"@id":"https:\/\/www.v4y.ee\/labor-trading\/#primaryimage"},"image":{"@id":"https:\/\/www.v4y.ee\/labor-trading\/#primaryimage"},"thumbnailUrl":"https:\/\/www.v4y.ee\/wp-content\/uploads\/2020\/02\/img_t\u00f6\u00f6j\u00f5urent.jpg","datePublished":"2020-01-20T17:44:18+00:00","dateModified":"2020-02-10T20:35:03+00:00","breadcrumb":{"@id":"https:\/\/www.v4y.ee\/labor-trading\/#breadcrumb"},"inLanguage":"et","potentialAction":[{"@type":"ReadAction","target":["https:\/\/www.v4y.ee\/labor-trading\/"]}]},{"@type":"ImageObject","inLanguage":"et","@id":"https:\/\/www.v4y.ee\/labor-trading\/#primaryimage","url":"https:\/\/www.v4y.ee\/wp-content\/uploads\/2020\/02\/img_t\u00f6\u00f6j\u00f5urent.jpg","contentUrl":"https:\/\/www.v4y.ee\/wp-content\/uploads\/2020\/02\/img_t\u00f6\u00f6j\u00f5urent.jpg","width":1400,"height":934},{"@type":"BreadcrumbList","@id":"https:\/\/www.v4y.ee\/labor-trading\/#breadcrumb","itemListElement":[{"@type":"ListItem","position":1,"name":"Home","item":"https:\/\/www.v4y.ee\/et\/"},{"@type":"ListItem","position":2,"name":"T\u00f6\u00f6j\u00f5urent"}]},{"@type":"WebSite","@id":"https:\/\/www.v4y.ee\/#website","url":"https:\/\/www.v4y.ee\/","name":"Vitality For You","description":"Labor Trading, Recruitment &amp; Legal Advice","publisher":{"@id":"https:\/\/www.v4y.ee\/#organization"},"potentialAction":[{"@type":"SearchAction","target":{"@type":"EntryPoint","urlTemplate":"https:\/\/www.v4y.ee\/?s={search_term_string}"},"query-input":"required name=search_term_string"}],"inLanguage":"et"},{"@type":"Organization","@id":"https:\/\/www.v4y.ee\/#organization","name":"V4Y","url":"https:\/\/www.v4y.ee\/","logo":{"@type":"ImageObject","inLanguage":"et","@id":"https:\/\/www.v4y.ee\/#\/schema\/logo\/image\/","url":"https:\/\/www.v4y.ee\/wp-content\/uploads\/2019\/09\/v4y-logo_v\u00e4rv.png","contentUrl":"https:\/\/www.v4y.ee\/wp-content\/uploads\/2019\/09\/v4y-logo_v\u00e4rv.png","width":1080,"height":609,"caption":"V4Y"},"image":{"@id":"https:\/\/www.v4y.ee\/#\/schema\/logo\/image\/"}}]}},"_links":{"self":[{"href":"https:\/\/www.v4y.ee\/et\/wp-json\/wp\/v2\/pages\/1460"}],"collection":[{"href":"https:\/\/www.v4y.ee\/et\/wp-json\/wp\/v2\/pages"}],"about":[{"href":"https:\/\/www.v4y.ee\/et\/wp-json\/wp\/v2\/types\/page"}],"author":[{"embeddable":true,"href":"https:\/\/www.v4y.ee\/et\/wp-json\/wp\/v2\/users\/1"}],"replies":[{"embeddable":true,"href":"https:\/\/www.v4y.ee\/et\/wp-json\/wp\/v2\/comments?post=1460"}],"version-history":[{"count":6,"href":"https:\/\/www.v4y.ee\/et\/wp-json\/wp\/v2\/pages\/1460\/revisions"}],"predecessor-version":[{"id":1531,"href":"https:\/\/www.v4y.ee\/et\/wp-json\/wp\/v2\/pages\/1460\/revisions\/1531"}],"wp:featuredmedia":[{"embeddable":true,"href":"https:\/\/www.v4y.ee\/et\/wp-json\/wp\/v2\/media\/1519"}],"wp:attachment":[{"href":"https:\/\/www.v4y.ee\/et\/wp-json\/wp\/v2\/media?parent=1460"}],"curies":[{"name":"wp","href":"https:\/\/api.w.org\/{rel}","templated":true}]}}