{"id":1672,"date":"2020-02-26T21:35:20","date_gmt":"2020-02-26T18:35:20","guid":{"rendered":"https:\/\/www.v4y.ee\/?page_id=1672\/"},"modified":"2020-08-15T16:58:19","modified_gmt":"2020-08-15T13:58:19","slug":"rechtsberatung","status":"publish","type":"page","link":"https:\/\/www.v4y.ee\/de\/rechtsberatung\/","title":{"rendered":"Rechtsberatung"},"content":{"rendered":"\r\n<h2 class=\"p1 wp-block-heading\"><strong>Wir bieten juristische Dienstleistungen:<\/strong><\/h2>\r\n<ol class=\"ol1\">\r\n<li class=\"li1\">F\u00fcr Privatpersonen in und aus verschiedenen L\u00e4ndern bei der Ordnung von Belegen wie auch bei Vertragsabschl\u00fcssen.<\/li>\r\n<li class=\"li1\">F\u00fcr Unternehmen, die \u00fcber keinen eigenen Juristen verf\u00fcgen.<\/li>\r\n<li class=\"li1\">Bei der L\u00f6sung von Problemen, die einem Unternehmen durch die Anwerbung von Personal aus unterschiedlichen L\u00e4ndern entstehen.<\/li>\r\n<\/ol>\r\n<p class=\"LO-normal\"><span lang=\"DE\">Unser Ziel ist es, in Zusammenarbeit mit dem Kunden ein vertrauensw\u00fcrdiger Partner bei der Suche nach juristisch kompetenten L\u00f6sungen zu sein, dies bei Personalfragen (Arbeitsvertr\u00e4ge, Arbeitgeber-Arbeitnehmer-Streitigkeiten, Schlichtung usw.) ebenso wie bei Bau- und Immobilienvertr\u00e4gen, vorvertraglichen Verhandlungen oder einer sp\u00e4teren Streitschlichtung.<\/span><\/p>\r\n<p>&nbsp;<\/p>\r\n\r\n\r\n\r\n<h3 class=\"LO-normal wp-block-heading\"><span lang=\"DE\">ANFRAGE SENDEN<\/span><\/h3>\r\n<p class=\"LO-normal\"><span lang=\"DE\"><div class=\"wpforms-container wpforms-container-full\" id=\"wpforms-1658\"><form id=\"wpforms-form-1658\" class=\"wpforms-validate wpforms-form\" data-formid=\"1658\" method=\"post\" enctype=\"multipart\/form-data\" action=\"\/de\/wp-json\/wp\/v2\/pages\/1672\" data-token=\"6de11e757b7af175642789c440d92f20\" data-token-time=\"1778501591\"><noscript class=\"wpforms-error-noscript\">Bitte aktiviere JavaScript in deinem Browser, um dieses Formular fertigzustellen.<\/noscript><div class=\"wpforms-field-container\"><div id=\"wpforms-1658-field_0-container\" class=\"wpforms-field wpforms-field-name wpforms-one-half wpforms-first\" data-field-id=\"0\"><label class=\"wpforms-field-label\" for=\"wpforms-1658-field_0\">Vor- und Nachname* <span class=\"wpforms-required-label\">*<\/span><\/label><input type=\"text\" id=\"wpforms-1658-field_0\" class=\"wpforms-field-medium wpforms-field-required\" name=\"wpforms[fields][0]\" required><\/div><div id=\"wpforms-1658-field_1-container\" class=\"wpforms-field wpforms-field-email wpforms-one-half\" data-field-id=\"1\"><label class=\"wpforms-field-label\" for=\"wpforms-1658-field_1\">E-Mail-Adresse* <span class=\"wpforms-required-label\">*<\/span><\/label><input type=\"email\" id=\"wpforms-1658-field_1\" class=\"wpforms-field-small wpforms-field-required\" name=\"wpforms[fields][1]\" spellcheck=\"false\" required><\/div><div id=\"wpforms-1658-field_2-container\" class=\"wpforms-field wpforms-field-textarea\" data-field-id=\"2\"><label class=\"wpforms-field-label\" for=\"wpforms-1658-field_2\">Sie brauchen eine Arbeitskraft oder suchen selbst nach Arbeit? Sagen Sie uns, was Sie brauchen* <span class=\"wpforms-required-label\">*<\/span><\/label><textarea id=\"wpforms-1658-field_2\" class=\"wpforms-field-medium wpforms-field-required\" name=\"wpforms[fields][2]\" required><\/textarea><\/div><\/div><!-- .wpforms-field-container --><div class=\"wpforms-field wpforms-field-hp\"><label for=\"wpforms-1658-field-hp\" class=\"wpforms-field-label\">Comment<\/label><input type=\"text\" name=\"wpforms[hp]\" id=\"wpforms-1658-field-hp\" class=\"wpforms-field-medium\"><\/div><div class=\"wpforms-submit-container\" ><input type=\"hidden\" name=\"wpforms[id]\" value=\"1658\"><input type=\"hidden\" name=\"page_title\" value=\"\"><input type=\"hidden\" name=\"page_url\" value=\"https:\/\/www.v4y.ee\/de\/wp-json\/wp\/v2\/pages\/1672\"><button type=\"submit\" name=\"wpforms[submit]\" id=\"wpforms-submit-1658\" class=\"wpforms-submit\" aria-live=\"assertive\" value=\"wpforms-submit\">Anfrage senden<\/button><\/div><\/form><\/div>  <!-- .wpforms-container --><\/span><\/p>\r\n\r\n\r\n","protected":false},"excerpt":{"rendered":"<p>Wir bieten juristische Dienstleistungen: F\u00fcr Privatpersonen in und aus verschiedenen L\u00e4ndern bei der Ordnung von Belegen wie auch bei Vertragsabschl\u00fcssen. F\u00fcr Unternehmen, die \u00fcber keinen eigenen Juristen verf\u00fcgen. Bei der &#8230;<\/p>\n","protected":false},"author":1,"featured_media":1528,"parent":0,"menu_order":0,"comment_status":"closed","ping_status":"closed","template":"template-fullwidth.php","meta":{"footnotes":""},"yoast_head":"<!-- This site is optimized with the Yoast SEO plugin v23.3 - https:\/\/yoast.com\/wordpress\/plugins\/seo\/ -->\n<title>Rechtsberatung - Vitality For You<\/title>\n<meta name=\"robots\" content=\"index, follow, max-snippet:-1, max-image-preview:large, max-video-preview:-1\" \/>\n<link rel=\"canonical\" href=\"https:\/\/www.v4y.ee\/legal-advice\/\" \/>\n<meta property=\"og:locale\" content=\"de_DE\" \/>\n<meta property=\"og:type\" content=\"article\" \/>\n<meta property=\"og:title\" content=\"Rechtsberatung - Vitality For You\" \/>\n<meta property=\"og:description\" content=\"Wir bieten juristische Dienstleistungen: F\u00fcr Privatpersonen in und aus verschiedenen L\u00e4ndern bei der Ordnung von Belegen wie auch bei Vertragsabschl\u00fcssen. F\u00fcr Unternehmen, die \u00fcber keinen eigenen Juristen verf\u00fcgen. Bei der ...\" \/>\n<meta property=\"og:url\" content=\"https:\/\/www.v4y.ee\/legal-advice\/\" \/>\n<meta property=\"og:site_name\" content=\"Vitality For You\" \/>\n<meta property=\"article:modified_time\" content=\"2020-08-15T13:58:19+00:00\" \/>\n<meta property=\"og:image\" content=\"https:\/\/www.v4y.ee\/wp-content\/uploads\/2020\/02\/img_jurn\u00f5ustamine.jpeg\" \/>\n\t<meta property=\"og:image:width\" content=\"1280\" \/>\n\t<meta property=\"og:image:height\" content=\"850\" \/>\n\t<meta property=\"og:image:type\" content=\"image\/jpeg\" \/>\n<meta name=\"twitter:card\" content=\"summary_large_image\" \/>\n<meta name=\"twitter:label1\" content=\"Gesch\u00e4tzte Lesezeit\" \/>\n\t<meta name=\"twitter:data1\" content=\"1 Minute\" \/>\n<script type=\"application\/ld+json\" class=\"yoast-schema-graph\">{\"@context\":\"https:\/\/schema.org\",\"@graph\":[{\"@type\":\"WebPage\",\"@id\":\"https:\/\/www.v4y.ee\/legal-advice\/\",\"url\":\"https:\/\/www.v4y.ee\/legal-advice\/\",\"name\":\"Rechtsberatung - Vitality For You\",\"isPartOf\":{\"@id\":\"https:\/\/www.v4y.ee\/#website\"},\"primaryImageOfPage\":{\"@id\":\"https:\/\/www.v4y.ee\/legal-advice\/#primaryimage\"},\"image\":{\"@id\":\"https:\/\/www.v4y.ee\/legal-advice\/#primaryimage\"},\"thumbnailUrl\":\"https:\/\/www.v4y.ee\/wp-content\/uploads\/2020\/02\/img_jurn\u00f5ustamine.jpeg\",\"datePublished\":\"2020-02-26T18:35:20+00:00\",\"dateModified\":\"2020-08-15T13:58:19+00:00\",\"breadcrumb\":{\"@id\":\"https:\/\/www.v4y.ee\/legal-advice\/#breadcrumb\"},\"inLanguage\":\"de-DE\",\"potentialAction\":[{\"@type\":\"ReadAction\",\"target\":[\"https:\/\/www.v4y.ee\/legal-advice\/\"]}]},{\"@type\":\"ImageObject\",\"inLanguage\":\"de-DE\",\"@id\":\"https:\/\/www.v4y.ee\/legal-advice\/#primaryimage\",\"url\":\"https:\/\/www.v4y.ee\/wp-content\/uploads\/2020\/02\/img_jurn\u00f5ustamine.jpeg\",\"contentUrl\":\"https:\/\/www.v4y.ee\/wp-content\/uploads\/2020\/02\/img_jurn\u00f5ustamine.jpeg\",\"width\":1280,\"height\":850},{\"@type\":\"BreadcrumbList\",\"@id\":\"https:\/\/www.v4y.ee\/legal-advice\/#breadcrumb\",\"itemListElement\":[{\"@type\":\"ListItem\",\"position\":1,\"name\":\"Home\",\"item\":\"https:\/\/www.v4y.ee\/\"},{\"@type\":\"ListItem\",\"position\":2,\"name\":\"Rechtsberatung\"}]},{\"@type\":\"WebSite\",\"@id\":\"https:\/\/www.v4y.ee\/#website\",\"url\":\"https:\/\/www.v4y.ee\/\",\"name\":\"Vitality For You\",\"description\":\"Labor Trading, Recruitment &amp; Legal Advice\",\"publisher\":{\"@id\":\"https:\/\/www.v4y.ee\/#organization\"},\"potentialAction\":[{\"@type\":\"SearchAction\",\"target\":{\"@type\":\"EntryPoint\",\"urlTemplate\":\"https:\/\/www.v4y.ee\/?s={search_term_string}\"},\"query-input\":\"required name=search_term_string\"}],\"inLanguage\":\"de-DE\"},{\"@type\":\"Organization\",\"@id\":\"https:\/\/www.v4y.ee\/#organization\",\"name\":\"V4Y\",\"url\":\"https:\/\/www.v4y.ee\/\",\"logo\":{\"@type\":\"ImageObject\",\"inLanguage\":\"de-DE\",\"@id\":\"https:\/\/www.v4y.ee\/#\/schema\/logo\/image\/\",\"url\":\"https:\/\/www.v4y.ee\/wp-content\/uploads\/2019\/09\/v4y-logo_v\u00e4rv.png\",\"contentUrl\":\"https:\/\/www.v4y.ee\/wp-content\/uploads\/2019\/09\/v4y-logo_v\u00e4rv.png\",\"width\":1080,\"height\":609,\"caption\":\"V4Y\"},\"image\":{\"@id\":\"https:\/\/www.v4y.ee\/#\/schema\/logo\/image\/\"}}]}<\/script>\n<!-- \/ Yoast SEO plugin. -->","yoast_head_json":{"title":"Rechtsberatung - Vitality For You","robots":{"index":"index","follow":"follow","max-snippet":"max-snippet:-1","max-image-preview":"max-image-preview:large","max-video-preview":"max-video-preview:-1"},"canonical":"https:\/\/www.v4y.ee\/legal-advice\/","og_locale":"de_DE","og_type":"article","og_title":"Rechtsberatung - Vitality For You","og_description":"Wir bieten juristische Dienstleistungen: F\u00fcr Privatpersonen in und aus verschiedenen L\u00e4ndern bei der Ordnung von Belegen wie auch bei Vertragsabschl\u00fcssen. F\u00fcr Unternehmen, die \u00fcber keinen eigenen Juristen verf\u00fcgen. Bei der ...","og_url":"https:\/\/www.v4y.ee\/legal-advice\/","og_site_name":"Vitality For You","article_modified_time":"2020-08-15T13:58:19+00:00","og_image":[{"width":1280,"height":850,"url":"https:\/\/www.v4y.ee\/wp-content\/uploads\/2020\/02\/img_jurn\u00f5ustamine.jpeg","type":"image\/jpeg"}],"twitter_card":"summary_large_image","twitter_misc":{"Gesch\u00e4tzte Lesezeit":"1 Minute"},"schema":{"@context":"https:\/\/schema.org","@graph":[{"@type":"WebPage","@id":"https:\/\/www.v4y.ee\/legal-advice\/","url":"https:\/\/www.v4y.ee\/legal-advice\/","name":"Rechtsberatung - Vitality For You","isPartOf":{"@id":"https:\/\/www.v4y.ee\/#website"},"primaryImageOfPage":{"@id":"https:\/\/www.v4y.ee\/legal-advice\/#primaryimage"},"image":{"@id":"https:\/\/www.v4y.ee\/legal-advice\/#primaryimage"},"thumbnailUrl":"https:\/\/www.v4y.ee\/wp-content\/uploads\/2020\/02\/img_jurn\u00f5ustamine.jpeg","datePublished":"2020-02-26T18:35:20+00:00","dateModified":"2020-08-15T13:58:19+00:00","breadcrumb":{"@id":"https:\/\/www.v4y.ee\/legal-advice\/#breadcrumb"},"inLanguage":"de-DE","potentialAction":[{"@type":"ReadAction","target":["https:\/\/www.v4y.ee\/legal-advice\/"]}]},{"@type":"ImageObject","inLanguage":"de-DE","@id":"https:\/\/www.v4y.ee\/legal-advice\/#primaryimage","url":"https:\/\/www.v4y.ee\/wp-content\/uploads\/2020\/02\/img_jurn\u00f5ustamine.jpeg","contentUrl":"https:\/\/www.v4y.ee\/wp-content\/uploads\/2020\/02\/img_jurn\u00f5ustamine.jpeg","width":1280,"height":850},{"@type":"BreadcrumbList","@id":"https:\/\/www.v4y.ee\/legal-advice\/#breadcrumb","itemListElement":[{"@type":"ListItem","position":1,"name":"Home","item":"https:\/\/www.v4y.ee\/"},{"@type":"ListItem","position":2,"name":"Rechtsberatung"}]},{"@type":"WebSite","@id":"https:\/\/www.v4y.ee\/#website","url":"https:\/\/www.v4y.ee\/","name":"Vitality For You","description":"Labor Trading, Recruitment &amp; Legal Advice","publisher":{"@id":"https:\/\/www.v4y.ee\/#organization"},"potentialAction":[{"@type":"SearchAction","target":{"@type":"EntryPoint","urlTemplate":"https:\/\/www.v4y.ee\/?s={search_term_string}"},"query-input":"required name=search_term_string"}],"inLanguage":"de-DE"},{"@type":"Organization","@id":"https:\/\/www.v4y.ee\/#organization","name":"V4Y","url":"https:\/\/www.v4y.ee\/","logo":{"@type":"ImageObject","inLanguage":"de-DE","@id":"https:\/\/www.v4y.ee\/#\/schema\/logo\/image\/","url":"https:\/\/www.v4y.ee\/wp-content\/uploads\/2019\/09\/v4y-logo_v\u00e4rv.png","contentUrl":"https:\/\/www.v4y.ee\/wp-content\/uploads\/2019\/09\/v4y-logo_v\u00e4rv.png","width":1080,"height":609,"caption":"V4Y"},"image":{"@id":"https:\/\/www.v4y.ee\/#\/schema\/logo\/image\/"}}]}},"_links":{"self":[{"href":"https:\/\/www.v4y.ee\/de\/wp-json\/wp\/v2\/pages\/1672"}],"collection":[{"href":"https:\/\/www.v4y.ee\/de\/wp-json\/wp\/v2\/pages"}],"about":[{"href":"https:\/\/www.v4y.ee\/de\/wp-json\/wp\/v2\/types\/page"}],"author":[{"embeddable":true,"href":"https:\/\/www.v4y.ee\/de\/wp-json\/wp\/v2\/users\/1"}],"replies":[{"embeddable":true,"href":"https:\/\/www.v4y.ee\/de\/wp-json\/wp\/v2\/comments?post=1672"}],"version-history":[{"count":4,"href":"https:\/\/www.v4y.ee\/de\/wp-json\/wp\/v2\/pages\/1672\/revisions"}],"predecessor-version":[{"id":1728,"href":"https:\/\/www.v4y.ee\/de\/wp-json\/wp\/v2\/pages\/1672\/revisions\/1728"}],"wp:featuredmedia":[{"embeddable":true,"href":"https:\/\/www.v4y.ee\/de\/wp-json\/wp\/v2\/media\/1528"}],"wp:attachment":[{"href":"https:\/\/www.v4y.ee\/de\/wp-json\/wp\/v2\/media?parent=1672"}],"curies":[{"name":"wp","href":"https:\/\/api.w.org\/{rel}","templated":true}]}}