{"id":1665,"date":"2020-02-26T21:30:29","date_gmt":"2020-02-26T18:30:29","guid":{"rendered":"https:\/\/www.v4y.ee\/?page_id=1665\/"},"modified":"2020-02-26T21:30:29","modified_gmt":"2020-02-26T18:30:29","slug":"rekrutierung","status":"publish","type":"page","link":"https:\/\/www.v4y.ee\/de\/rekrutierung\/","title":{"rendered":"Rekrutierung"},"content":{"rendered":"\r\n<h2 class=\"LO-normal wp-block-heading\"><span lang=\"DE\">Wir unterst\u00fctzen Unternehmer aus verschiedenen L\u00e4ndern bei der Suche nach Arbeitskr\u00e4ften und der \u00dcberwindung rechtlicher Hindernisse.<\/span><\/h2>\r\n\r\n\r\n\r\n<blockquote class=\"wp-block-quote is-layout-flow wp-block-quote-is-layout-flow\">\r\n<p class=\"LO-normal\"><i><span lang=\"DE\">Gemeinsam finden wir genau die Arbeitskr\u00e4fte, die Sie zur L\u00f6sung langfristiger Arbeitsprozesse ben\u00f6tigen.<\/span><\/i><\/p>\r\n<\/blockquote>\r\n\r\n\r\n\r\n<p class=\"LO-normal\"><span lang=\"DE\">Die Rekrutierung richtet sich an Unternehmer, die einen langj\u00e4hrigen Vollzeitbesch\u00e4ftigten f\u00fcr ihre Arbeit ben\u00f6tigen, aber nicht die Zeit haben, hierzu erst einen zeitaufw\u00e4ndigen Prozess zu durchlaufen. Wir stellen die vorausgew\u00e4hlten Kandidaten vor, aus denen das Vertragsunternehmen dann schon den am besten geeigneten Mitarbeiter ausw\u00e4hlen kann.<\/span><\/p>\r\n<p class=\"LO-normal\"><span lang=\"DE\">\u00a0<\/span><span lang=\"DE\">Wir sind auf die Rekrutierung von ungelernten Arbeitskr\u00e4ften und Spezialisten in verschiedenen Bereichen spezialisiert.<\/span><\/p>\r\n&nbsp;\r\n\r\n\r\n\r\n\r\n\r\n\r\n\r\n\r\n<h3 class=\"LO-normal wp-block-heading\"><span lang=\"DE\">ANFRAGE SENDEN<\/span><\/h3>\r\n<p class=\"LO-normal\"><span lang=\"DE\"><div class=\"wpforms-container wpforms-container-full\" id=\"wpforms-1658\"><form id=\"wpforms-form-1658\" class=\"wpforms-validate wpforms-form\" data-formid=\"1658\" method=\"post\" enctype=\"multipart\/form-data\" action=\"\/de\/wp-json\/wp\/v2\/pages\/1665\" data-token=\"842f51962af7d364f1991f51904e99ac\" data-token-time=\"1775905295\"><noscript class=\"wpforms-error-noscript\">Bitte aktiviere JavaScript in deinem Browser, um dieses Formular fertigzustellen.<\/noscript><div class=\"wpforms-field-container\"><div id=\"wpforms-1658-field_0-container\" class=\"wpforms-field wpforms-field-name wpforms-one-half wpforms-first\" data-field-id=\"0\"><label class=\"wpforms-field-label\" for=\"wpforms-1658-field_0\">Vor- und Nachname* <span class=\"wpforms-required-label\">*<\/span><\/label><input type=\"text\" id=\"wpforms-1658-field_0\" class=\"wpforms-field-medium wpforms-field-required\" name=\"wpforms[fields][0]\" required><\/div><div id=\"wpforms-1658-field_1-container\" class=\"wpforms-field wpforms-field-email wpforms-one-half\" data-field-id=\"1\"><label class=\"wpforms-field-label\" for=\"wpforms-1658-field_1\">E-Mail-Adresse* <span class=\"wpforms-required-label\">*<\/span><\/label><input type=\"email\" id=\"wpforms-1658-field_1\" class=\"wpforms-field-small wpforms-field-required\" name=\"wpforms[fields][1]\" spellcheck=\"false\" required><\/div><div id=\"wpforms-1658-field_2-container\" class=\"wpforms-field wpforms-field-textarea\" data-field-id=\"2\"><label class=\"wpforms-field-label\" for=\"wpforms-1658-field_2\">Sie brauchen eine Arbeitskraft oder suchen selbst nach Arbeit? Sagen Sie uns, was Sie brauchen* <span class=\"wpforms-required-label\">*<\/span><\/label><textarea id=\"wpforms-1658-field_2\" class=\"wpforms-field-medium wpforms-field-required\" name=\"wpforms[fields][2]\" required><\/textarea><\/div><\/div><!-- .wpforms-field-container --><div class=\"wpforms-field wpforms-field-hp\"><label for=\"wpforms-1658-field-hp\" class=\"wpforms-field-label\">Phone<\/label><input type=\"text\" name=\"wpforms[hp]\" id=\"wpforms-1658-field-hp\" class=\"wpforms-field-medium\"><\/div><div class=\"wpforms-submit-container\" ><input type=\"hidden\" name=\"wpforms[id]\" value=\"1658\"><input type=\"hidden\" name=\"page_title\" value=\"\"><input type=\"hidden\" name=\"page_url\" value=\"https:\/\/www.v4y.ee\/de\/wp-json\/wp\/v2\/pages\/1665\"><button type=\"submit\" name=\"wpforms[submit]\" id=\"wpforms-submit-1658\" class=\"wpforms-submit\" aria-live=\"assertive\" value=\"wpforms-submit\">Anfrage senden<\/button><\/div><\/form><\/div>  <!-- .wpforms-container --><\/span><\/p>\r\n\r\n\r\n\r\n\r\n","protected":false},"excerpt":{"rendered":"<p>Wir unterst\u00fctzen Unternehmer aus verschiedenen L\u00e4ndern bei der Suche nach Arbeitskr\u00e4ften und der \u00dcberwindung rechtlicher Hindernisse. Gemeinsam finden wir genau die Arbeitskr\u00e4fte, die Sie zur L\u00f6sung langfristiger Arbeitsprozesse ben\u00f6tigen. Die &#8230;<\/p>\n","protected":false},"author":1,"featured_media":1521,"parent":0,"menu_order":0,"comment_status":"closed","ping_status":"closed","template":"template-fullwidth.php","meta":{"footnotes":""},"yoast_head":"<!-- This site is optimized with the Yoast SEO plugin v23.3 - https:\/\/yoast.com\/wordpress\/plugins\/seo\/ -->\n<title>Rekrutierung - Vitality For You<\/title>\n<meta name=\"robots\" content=\"index, follow, max-snippet:-1, max-image-preview:large, max-video-preview:-1\" \/>\n<link rel=\"canonical\" href=\"https:\/\/www.v4y.ee\/recruitment\/\" \/>\n<meta property=\"og:locale\" content=\"de_DE\" \/>\n<meta property=\"og:type\" content=\"article\" \/>\n<meta property=\"og:title\" content=\"Rekrutierung - Vitality For You\" \/>\n<meta property=\"og:description\" content=\"Wir unterst\u00fctzen Unternehmer aus verschiedenen L\u00e4ndern bei der Suche nach Arbeitskr\u00e4ften und der \u00dcberwindung rechtlicher Hindernisse. Gemeinsam finden wir genau die Arbeitskr\u00e4fte, die Sie zur L\u00f6sung langfristiger Arbeitsprozesse ben\u00f6tigen. Die ...\" \/>\n<meta property=\"og:url\" content=\"https:\/\/www.v4y.ee\/recruitment\/\" \/>\n<meta property=\"og:site_name\" content=\"Vitality For You\" \/>\n<meta property=\"og:image\" content=\"https:\/\/www.v4y.ee\/wp-content\/uploads\/2020\/02\/img_v\u00e4rbamine.jpg\" \/>\n\t<meta property=\"og:image:width\" content=\"1600\" \/>\n\t<meta property=\"og:image:height\" content=\"1353\" \/>\n\t<meta property=\"og:image:type\" content=\"image\/jpeg\" \/>\n<meta name=\"twitter:card\" content=\"summary_large_image\" \/>\n<meta name=\"twitter:label1\" content=\"Gesch\u00e4tzte Lesezeit\" \/>\n\t<meta name=\"twitter:data1\" content=\"1 Minute\" \/>\n<script type=\"application\/ld+json\" class=\"yoast-schema-graph\">{\"@context\":\"https:\/\/schema.org\",\"@graph\":[{\"@type\":\"WebPage\",\"@id\":\"https:\/\/www.v4y.ee\/recruitment\/\",\"url\":\"https:\/\/www.v4y.ee\/recruitment\/\",\"name\":\"Rekrutierung - Vitality For You\",\"isPartOf\":{\"@id\":\"https:\/\/www.v4y.ee\/#website\"},\"primaryImageOfPage\":{\"@id\":\"https:\/\/www.v4y.ee\/recruitment\/#primaryimage\"},\"image\":{\"@id\":\"https:\/\/www.v4y.ee\/recruitment\/#primaryimage\"},\"thumbnailUrl\":\"https:\/\/www.v4y.ee\/wp-content\/uploads\/2020\/02\/img_v\u00e4rbamine.jpg\",\"datePublished\":\"2020-02-26T18:30:29+00:00\",\"dateModified\":\"2020-02-26T18:30:29+00:00\",\"breadcrumb\":{\"@id\":\"https:\/\/www.v4y.ee\/recruitment\/#breadcrumb\"},\"inLanguage\":\"de-DE\",\"potentialAction\":[{\"@type\":\"ReadAction\",\"target\":[\"https:\/\/www.v4y.ee\/recruitment\/\"]}]},{\"@type\":\"ImageObject\",\"inLanguage\":\"de-DE\",\"@id\":\"https:\/\/www.v4y.ee\/recruitment\/#primaryimage\",\"url\":\"https:\/\/www.v4y.ee\/wp-content\/uploads\/2020\/02\/img_v\u00e4rbamine.jpg\",\"contentUrl\":\"https:\/\/www.v4y.ee\/wp-content\/uploads\/2020\/02\/img_v\u00e4rbamine.jpg\",\"width\":1600,\"height\":1353},{\"@type\":\"BreadcrumbList\",\"@id\":\"https:\/\/www.v4y.ee\/recruitment\/#breadcrumb\",\"itemListElement\":[{\"@type\":\"ListItem\",\"position\":1,\"name\":\"Home\",\"item\":\"https:\/\/www.v4y.ee\/\"},{\"@type\":\"ListItem\",\"position\":2,\"name\":\"Rekrutierung\"}]},{\"@type\":\"WebSite\",\"@id\":\"https:\/\/www.v4y.ee\/#website\",\"url\":\"https:\/\/www.v4y.ee\/\",\"name\":\"Vitality For You\",\"description\":\"Labor Trading, Recruitment &amp; Legal Advice\",\"publisher\":{\"@id\":\"https:\/\/www.v4y.ee\/#organization\"},\"potentialAction\":[{\"@type\":\"SearchAction\",\"target\":{\"@type\":\"EntryPoint\",\"urlTemplate\":\"https:\/\/www.v4y.ee\/?s={search_term_string}\"},\"query-input\":\"required name=search_term_string\"}],\"inLanguage\":\"de-DE\"},{\"@type\":\"Organization\",\"@id\":\"https:\/\/www.v4y.ee\/#organization\",\"name\":\"V4Y\",\"url\":\"https:\/\/www.v4y.ee\/\",\"logo\":{\"@type\":\"ImageObject\",\"inLanguage\":\"de-DE\",\"@id\":\"https:\/\/www.v4y.ee\/#\/schema\/logo\/image\/\",\"url\":\"https:\/\/www.v4y.ee\/wp-content\/uploads\/2019\/09\/v4y-logo_v\u00e4rv.png\",\"contentUrl\":\"https:\/\/www.v4y.ee\/wp-content\/uploads\/2019\/09\/v4y-logo_v\u00e4rv.png\",\"width\":1080,\"height\":609,\"caption\":\"V4Y\"},\"image\":{\"@id\":\"https:\/\/www.v4y.ee\/#\/schema\/logo\/image\/\"}}]}<\/script>\n<!-- \/ Yoast SEO plugin. -->","yoast_head_json":{"title":"Rekrutierung - Vitality For You","robots":{"index":"index","follow":"follow","max-snippet":"max-snippet:-1","max-image-preview":"max-image-preview:large","max-video-preview":"max-video-preview:-1"},"canonical":"https:\/\/www.v4y.ee\/recruitment\/","og_locale":"de_DE","og_type":"article","og_title":"Rekrutierung - Vitality For You","og_description":"Wir unterst\u00fctzen Unternehmer aus verschiedenen L\u00e4ndern bei der Suche nach Arbeitskr\u00e4ften und der \u00dcberwindung rechtlicher Hindernisse. Gemeinsam finden wir genau die Arbeitskr\u00e4fte, die Sie zur L\u00f6sung langfristiger Arbeitsprozesse ben\u00f6tigen. Die ...","og_url":"https:\/\/www.v4y.ee\/recruitment\/","og_site_name":"Vitality For You","og_image":[{"width":1600,"height":1353,"url":"https:\/\/www.v4y.ee\/wp-content\/uploads\/2020\/02\/img_v\u00e4rbamine.jpg","type":"image\/jpeg"}],"twitter_card":"summary_large_image","twitter_misc":{"Gesch\u00e4tzte Lesezeit":"1 Minute"},"schema":{"@context":"https:\/\/schema.org","@graph":[{"@type":"WebPage","@id":"https:\/\/www.v4y.ee\/recruitment\/","url":"https:\/\/www.v4y.ee\/recruitment\/","name":"Rekrutierung - Vitality For You","isPartOf":{"@id":"https:\/\/www.v4y.ee\/#website"},"primaryImageOfPage":{"@id":"https:\/\/www.v4y.ee\/recruitment\/#primaryimage"},"image":{"@id":"https:\/\/www.v4y.ee\/recruitment\/#primaryimage"},"thumbnailUrl":"https:\/\/www.v4y.ee\/wp-content\/uploads\/2020\/02\/img_v\u00e4rbamine.jpg","datePublished":"2020-02-26T18:30:29+00:00","dateModified":"2020-02-26T18:30:29+00:00","breadcrumb":{"@id":"https:\/\/www.v4y.ee\/recruitment\/#breadcrumb"},"inLanguage":"de-DE","potentialAction":[{"@type":"ReadAction","target":["https:\/\/www.v4y.ee\/recruitment\/"]}]},{"@type":"ImageObject","inLanguage":"de-DE","@id":"https:\/\/www.v4y.ee\/recruitment\/#primaryimage","url":"https:\/\/www.v4y.ee\/wp-content\/uploads\/2020\/02\/img_v\u00e4rbamine.jpg","contentUrl":"https:\/\/www.v4y.ee\/wp-content\/uploads\/2020\/02\/img_v\u00e4rbamine.jpg","width":1600,"height":1353},{"@type":"BreadcrumbList","@id":"https:\/\/www.v4y.ee\/recruitment\/#breadcrumb","itemListElement":[{"@type":"ListItem","position":1,"name":"Home","item":"https:\/\/www.v4y.ee\/"},{"@type":"ListItem","position":2,"name":"Rekrutierung"}]},{"@type":"WebSite","@id":"https:\/\/www.v4y.ee\/#website","url":"https:\/\/www.v4y.ee\/","name":"Vitality For You","description":"Labor Trading, Recruitment &amp; Legal Advice","publisher":{"@id":"https:\/\/www.v4y.ee\/#organization"},"potentialAction":[{"@type":"SearchAction","target":{"@type":"EntryPoint","urlTemplate":"https:\/\/www.v4y.ee\/?s={search_term_string}"},"query-input":"required name=search_term_string"}],"inLanguage":"de-DE"},{"@type":"Organization","@id":"https:\/\/www.v4y.ee\/#organization","name":"V4Y","url":"https:\/\/www.v4y.ee\/","logo":{"@type":"ImageObject","inLanguage":"de-DE","@id":"https:\/\/www.v4y.ee\/#\/schema\/logo\/image\/","url":"https:\/\/www.v4y.ee\/wp-content\/uploads\/2019\/09\/v4y-logo_v\u00e4rv.png","contentUrl":"https:\/\/www.v4y.ee\/wp-content\/uploads\/2019\/09\/v4y-logo_v\u00e4rv.png","width":1080,"height":609,"caption":"V4Y"},"image":{"@id":"https:\/\/www.v4y.ee\/#\/schema\/logo\/image\/"}}]}},"_links":{"self":[{"href":"https:\/\/www.v4y.ee\/de\/wp-json\/wp\/v2\/pages\/1665"}],"collection":[{"href":"https:\/\/www.v4y.ee\/de\/wp-json\/wp\/v2\/pages"}],"about":[{"href":"https:\/\/www.v4y.ee\/de\/wp-json\/wp\/v2\/types\/page"}],"author":[{"embeddable":true,"href":"https:\/\/www.v4y.ee\/de\/wp-json\/wp\/v2\/users\/1"}],"replies":[{"embeddable":true,"href":"https:\/\/www.v4y.ee\/de\/wp-json\/wp\/v2\/comments?post=1665"}],"version-history":[{"count":1,"href":"https:\/\/www.v4y.ee\/de\/wp-json\/wp\/v2\/pages\/1665\/revisions"}],"predecessor-version":[{"id":1666,"href":"https:\/\/www.v4y.ee\/de\/wp-json\/wp\/v2\/pages\/1665\/revisions\/1666"}],"wp:featuredmedia":[{"embeddable":true,"href":"https:\/\/www.v4y.ee\/de\/wp-json\/wp\/v2\/media\/1521"}],"wp:attachment":[{"href":"https:\/\/www.v4y.ee\/de\/wp-json\/wp\/v2\/media?parent=1665"}],"curies":[{"name":"wp","href":"https:\/\/api.w.org\/{rel}","templated":true}]}}