{"id":1660,"date":"2020-02-26T21:26:48","date_gmt":"2020-02-26T18:26:48","guid":{"rendered":"https:\/\/www.v4y.ee\/?page_id=1660\/"},"modified":"2020-02-26T21:27:04","modified_gmt":"2020-02-26T18:27:04","slug":"personalleasing","status":"publish","type":"page","link":"https:\/\/www.v4y.ee\/de\/personalleasing\/","title":{"rendered":"Personalleasing"},"content":{"rendered":"\r\n<h2 class=\"LO-normal wp-block-heading\"><span lang=\"DE\">Das Personalleasing wurde erfunden, um Unternehmern zu helfen. Wir finden f\u00fcr Sie das richtige Personal, das Ihren Anforderungen entspricht.<\/span><\/h2>\r\n\r\n\r\n\r\n<blockquote class=\"wp-block-quote is-layout-flow wp-block-quote-is-layout-flow\">\r\n<p class=\"LO-normal\"><i><span lang=\"DE\">Wir stellen alle rechtlichen Unterlagen (z.\u00a0B. Arbeitsvisa), Versicherungen und andere vereinbarte L\u00f6sungen zur Verf\u00fcgung.<\/span><\/i><\/p>\r\n<\/blockquote>\r\n\r\n\r\n\r\n<p class=\"LO-normal\"><span lang=\"DE\">Bei Personalleasing handelt es sich um ein dreiseitiges Verh\u00e4ltnis. W\u00e4hrend bei einem klassischen Arbeitsverh\u00e4ltnis zwei Parteien \u2013 ein Arbeitnehmer und ein Arbeitgeber \u2013 beteiligt sind, ist beim Personalleasing das entleihende Unternehmen der Dritte. Bei einem Zeitarbeitsverh\u00e4ltnis schlie\u00dft der Arbeitgeber oder das entleihende Unternehmen mit dem angemieteten Arbeitnehmer einen Arbeitsvertrag, auf dessen Grundlage der angemietete Arbeitnehmer vor\u00fcbergehend f\u00fcr einen Dritten, das entleihende Unternehmen, unter dessen Leitung und Aufsicht zur Arbeit entsandt wird. Das Vermietungsunternehmen und die Nutzerfirma schlie\u00dfen eine Schuldvereinbarung ab, die ihre Zusammenarbeit regelt.<\/span><\/p>\r\n<p class=\"LO-normal\"><span lang=\"DE\">Das Personalleasing ist sowohl f\u00fcr Unternehmer gedacht, der keine Mitarbeiter einstellen m\u00f6chten, als auch f\u00fcr kleinere Unternehmen, die einen Auftrag erhalten haben, aber selbst nicht \u00fcber ausreichend Mitarbeiter verf\u00fcgen, um die erh\u00f6hte Arbeitsbelastung zu bew\u00e4ltigen. Bei Personalleasing verbleiben alle personalbezogenen Aktivit\u00e4ten bei der Leasingfirma. Das Unternehmen bekommt so mehr Zeit, um sich auf sein Kerngesch\u00e4ft zu konzentrieren.<\/span><\/p>\r\n<p>&nbsp;<\/p>\r\n\r\n\r\n\r\n<h3 class=\"LO-normal wp-block-heading\"><span lang=\"DE\">ANFRAGE SENDEN<\/span><\/h3>\r\n<p class=\"LO-normal\"><span lang=\"DE\"><div class=\"wpforms-container wpforms-container-full\" id=\"wpforms-1658\"><form id=\"wpforms-form-1658\" class=\"wpforms-validate wpforms-form\" data-formid=\"1658\" method=\"post\" enctype=\"multipart\/form-data\" action=\"\/de\/wp-json\/wp\/v2\/pages\/1660\" data-token=\"6de11e757b7af175642789c440d92f20\" data-token-time=\"1778501668\"><noscript class=\"wpforms-error-noscript\">Bitte aktiviere JavaScript in deinem Browser, um dieses Formular fertigzustellen.<\/noscript><div class=\"wpforms-field-container\"><div id=\"wpforms-1658-field_0-container\" class=\"wpforms-field wpforms-field-name wpforms-one-half wpforms-first\" data-field-id=\"0\"><label class=\"wpforms-field-label\" for=\"wpforms-1658-field_0\">Vor- und Nachname* <span class=\"wpforms-required-label\">*<\/span><\/label><input type=\"text\" id=\"wpforms-1658-field_0\" class=\"wpforms-field-medium wpforms-field-required\" name=\"wpforms[fields][0]\" required><\/div><div id=\"wpforms-1658-field_1-container\" class=\"wpforms-field wpforms-field-email wpforms-one-half\" data-field-id=\"1\"><label class=\"wpforms-field-label\" for=\"wpforms-1658-field_1\">E-Mail-Adresse* <span class=\"wpforms-required-label\">*<\/span><\/label><input type=\"email\" id=\"wpforms-1658-field_1\" class=\"wpforms-field-small wpforms-field-required\" name=\"wpforms[fields][1]\" spellcheck=\"false\" required><\/div><div id=\"wpforms-1658-field_2-container\" class=\"wpforms-field wpforms-field-textarea\" data-field-id=\"2\"><label class=\"wpforms-field-label\" for=\"wpforms-1658-field_2\">Sie brauchen eine Arbeitskraft oder suchen selbst nach Arbeit? Sagen Sie uns, was Sie brauchen* <span class=\"wpforms-required-label\">*<\/span><\/label><textarea id=\"wpforms-1658-field_2\" class=\"wpforms-field-medium wpforms-field-required\" name=\"wpforms[fields][2]\" required><\/textarea><\/div><\/div><!-- .wpforms-field-container --><div class=\"wpforms-field wpforms-field-hp\"><label for=\"wpforms-1658-field-hp\" class=\"wpforms-field-label\">Email<\/label><input type=\"text\" name=\"wpforms[hp]\" id=\"wpforms-1658-field-hp\" class=\"wpforms-field-medium\"><\/div><div class=\"wpforms-submit-container\" ><input type=\"hidden\" name=\"wpforms[id]\" value=\"1658\"><input type=\"hidden\" name=\"page_title\" value=\"\"><input type=\"hidden\" name=\"page_url\" value=\"https:\/\/www.v4y.ee\/de\/wp-json\/wp\/v2\/pages\/1660\"><button type=\"submit\" name=\"wpforms[submit]\" id=\"wpforms-submit-1658\" class=\"wpforms-submit\" aria-live=\"assertive\" value=\"wpforms-submit\">Anfrage senden<\/button><\/div><\/form><\/div>  <!-- .wpforms-container --><\/span><\/p>","protected":false},"excerpt":{"rendered":"<p>Das Personalleasing wurde erfunden, um Unternehmern zu helfen. Wir finden f\u00fcr Sie das richtige Personal, das Ihren Anforderungen entspricht. Wir stellen alle rechtlichen Unterlagen (z.\u00a0B. Arbeitsvisa), Versicherungen und andere vereinbarte &#8230;<\/p>\n","protected":false},"author":1,"featured_media":1519,"parent":0,"menu_order":0,"comment_status":"closed","ping_status":"closed","template":"template-fullwidth.php","meta":{"footnotes":""},"yoast_head":"<!-- This site is optimized with the Yoast SEO plugin v23.3 - https:\/\/yoast.com\/wordpress\/plugins\/seo\/ -->\n<title>Personalleasing - Vitality For You<\/title>\n<meta name=\"robots\" content=\"index, follow, max-snippet:-1, max-image-preview:large, max-video-preview:-1\" \/>\n<link rel=\"canonical\" href=\"https:\/\/www.v4y.ee\/labor-trading\/\" \/>\n<meta property=\"og:locale\" content=\"de_DE\" \/>\n<meta property=\"og:type\" content=\"article\" \/>\n<meta property=\"og:title\" content=\"Personalleasing - Vitality For You\" \/>\n<meta property=\"og:description\" content=\"Das Personalleasing wurde erfunden, um Unternehmern zu helfen. Wir finden f\u00fcr Sie das richtige Personal, das Ihren Anforderungen entspricht. Wir stellen alle rechtlichen Unterlagen (z.\u00a0B. Arbeitsvisa), Versicherungen und andere vereinbarte ...\" \/>\n<meta property=\"og:url\" content=\"https:\/\/www.v4y.ee\/labor-trading\/\" \/>\n<meta property=\"og:site_name\" content=\"Vitality For You\" \/>\n<meta property=\"article:modified_time\" content=\"2020-02-26T18:27:04+00:00\" \/>\n<meta property=\"og:image\" content=\"https:\/\/www.v4y.ee\/wp-content\/uploads\/2020\/02\/img_t\u00f6\u00f6j\u00f5urent.jpg\" \/>\n\t<meta property=\"og:image:width\" content=\"1400\" \/>\n\t<meta property=\"og:image:height\" content=\"934\" \/>\n\t<meta property=\"og:image:type\" content=\"image\/jpeg\" \/>\n<meta name=\"twitter:card\" content=\"summary_large_image\" \/>\n<meta name=\"twitter:label1\" content=\"Gesch\u00e4tzte Lesezeit\" \/>\n\t<meta name=\"twitter:data1\" content=\"1 Minute\" \/>\n<script type=\"application\/ld+json\" class=\"yoast-schema-graph\">{\"@context\":\"https:\/\/schema.org\",\"@graph\":[{\"@type\":\"WebPage\",\"@id\":\"https:\/\/www.v4y.ee\/labor-trading\/\",\"url\":\"https:\/\/www.v4y.ee\/labor-trading\/\",\"name\":\"Personalleasing - Vitality For You\",\"isPartOf\":{\"@id\":\"https:\/\/www.v4y.ee\/#website\"},\"primaryImageOfPage\":{\"@id\":\"https:\/\/www.v4y.ee\/labor-trading\/#primaryimage\"},\"image\":{\"@id\":\"https:\/\/www.v4y.ee\/labor-trading\/#primaryimage\"},\"thumbnailUrl\":\"https:\/\/www.v4y.ee\/wp-content\/uploads\/2020\/02\/img_t\u00f6\u00f6j\u00f5urent.jpg\",\"datePublished\":\"2020-02-26T18:26:48+00:00\",\"dateModified\":\"2020-02-26T18:27:04+00:00\",\"breadcrumb\":{\"@id\":\"https:\/\/www.v4y.ee\/labor-trading\/#breadcrumb\"},\"inLanguage\":\"de-DE\",\"potentialAction\":[{\"@type\":\"ReadAction\",\"target\":[\"https:\/\/www.v4y.ee\/labor-trading\/\"]}]},{\"@type\":\"ImageObject\",\"inLanguage\":\"de-DE\",\"@id\":\"https:\/\/www.v4y.ee\/labor-trading\/#primaryimage\",\"url\":\"https:\/\/www.v4y.ee\/wp-content\/uploads\/2020\/02\/img_t\u00f6\u00f6j\u00f5urent.jpg\",\"contentUrl\":\"https:\/\/www.v4y.ee\/wp-content\/uploads\/2020\/02\/img_t\u00f6\u00f6j\u00f5urent.jpg\",\"width\":1400,\"height\":934},{\"@type\":\"BreadcrumbList\",\"@id\":\"https:\/\/www.v4y.ee\/labor-trading\/#breadcrumb\",\"itemListElement\":[{\"@type\":\"ListItem\",\"position\":1,\"name\":\"Home\",\"item\":\"https:\/\/www.v4y.ee\/\"},{\"@type\":\"ListItem\",\"position\":2,\"name\":\"Personalleasing\"}]},{\"@type\":\"WebSite\",\"@id\":\"https:\/\/www.v4y.ee\/#website\",\"url\":\"https:\/\/www.v4y.ee\/\",\"name\":\"Vitality For You\",\"description\":\"Labor Trading, Recruitment &amp; Legal Advice\",\"publisher\":{\"@id\":\"https:\/\/www.v4y.ee\/#organization\"},\"potentialAction\":[{\"@type\":\"SearchAction\",\"target\":{\"@type\":\"EntryPoint\",\"urlTemplate\":\"https:\/\/www.v4y.ee\/?s={search_term_string}\"},\"query-input\":\"required name=search_term_string\"}],\"inLanguage\":\"de-DE\"},{\"@type\":\"Organization\",\"@id\":\"https:\/\/www.v4y.ee\/#organization\",\"name\":\"V4Y\",\"url\":\"https:\/\/www.v4y.ee\/\",\"logo\":{\"@type\":\"ImageObject\",\"inLanguage\":\"de-DE\",\"@id\":\"https:\/\/www.v4y.ee\/#\/schema\/logo\/image\/\",\"url\":\"https:\/\/www.v4y.ee\/wp-content\/uploads\/2019\/09\/v4y-logo_v\u00e4rv.png\",\"contentUrl\":\"https:\/\/www.v4y.ee\/wp-content\/uploads\/2019\/09\/v4y-logo_v\u00e4rv.png\",\"width\":1080,\"height\":609,\"caption\":\"V4Y\"},\"image\":{\"@id\":\"https:\/\/www.v4y.ee\/#\/schema\/logo\/image\/\"}}]}<\/script>\n<!-- \/ Yoast SEO plugin. -->","yoast_head_json":{"title":"Personalleasing - Vitality For You","robots":{"index":"index","follow":"follow","max-snippet":"max-snippet:-1","max-image-preview":"max-image-preview:large","max-video-preview":"max-video-preview:-1"},"canonical":"https:\/\/www.v4y.ee\/labor-trading\/","og_locale":"de_DE","og_type":"article","og_title":"Personalleasing - Vitality For You","og_description":"Das Personalleasing wurde erfunden, um Unternehmern zu helfen. Wir finden f\u00fcr Sie das richtige Personal, das Ihren Anforderungen entspricht. Wir stellen alle rechtlichen Unterlagen (z.\u00a0B. Arbeitsvisa), Versicherungen und andere vereinbarte ...","og_url":"https:\/\/www.v4y.ee\/labor-trading\/","og_site_name":"Vitality For You","article_modified_time":"2020-02-26T18:27:04+00:00","og_image":[{"width":1400,"height":934,"url":"https:\/\/www.v4y.ee\/wp-content\/uploads\/2020\/02\/img_t\u00f6\u00f6j\u00f5urent.jpg","type":"image\/jpeg"}],"twitter_card":"summary_large_image","twitter_misc":{"Gesch\u00e4tzte Lesezeit":"1 Minute"},"schema":{"@context":"https:\/\/schema.org","@graph":[{"@type":"WebPage","@id":"https:\/\/www.v4y.ee\/labor-trading\/","url":"https:\/\/www.v4y.ee\/labor-trading\/","name":"Personalleasing - Vitality For You","isPartOf":{"@id":"https:\/\/www.v4y.ee\/#website"},"primaryImageOfPage":{"@id":"https:\/\/www.v4y.ee\/labor-trading\/#primaryimage"},"image":{"@id":"https:\/\/www.v4y.ee\/labor-trading\/#primaryimage"},"thumbnailUrl":"https:\/\/www.v4y.ee\/wp-content\/uploads\/2020\/02\/img_t\u00f6\u00f6j\u00f5urent.jpg","datePublished":"2020-02-26T18:26:48+00:00","dateModified":"2020-02-26T18:27:04+00:00","breadcrumb":{"@id":"https:\/\/www.v4y.ee\/labor-trading\/#breadcrumb"},"inLanguage":"de-DE","potentialAction":[{"@type":"ReadAction","target":["https:\/\/www.v4y.ee\/labor-trading\/"]}]},{"@type":"ImageObject","inLanguage":"de-DE","@id":"https:\/\/www.v4y.ee\/labor-trading\/#primaryimage","url":"https:\/\/www.v4y.ee\/wp-content\/uploads\/2020\/02\/img_t\u00f6\u00f6j\u00f5urent.jpg","contentUrl":"https:\/\/www.v4y.ee\/wp-content\/uploads\/2020\/02\/img_t\u00f6\u00f6j\u00f5urent.jpg","width":1400,"height":934},{"@type":"BreadcrumbList","@id":"https:\/\/www.v4y.ee\/labor-trading\/#breadcrumb","itemListElement":[{"@type":"ListItem","position":1,"name":"Home","item":"https:\/\/www.v4y.ee\/"},{"@type":"ListItem","position":2,"name":"Personalleasing"}]},{"@type":"WebSite","@id":"https:\/\/www.v4y.ee\/#website","url":"https:\/\/www.v4y.ee\/","name":"Vitality For You","description":"Labor Trading, Recruitment &amp; Legal Advice","publisher":{"@id":"https:\/\/www.v4y.ee\/#organization"},"potentialAction":[{"@type":"SearchAction","target":{"@type":"EntryPoint","urlTemplate":"https:\/\/www.v4y.ee\/?s={search_term_string}"},"query-input":"required name=search_term_string"}],"inLanguage":"de-DE"},{"@type":"Organization","@id":"https:\/\/www.v4y.ee\/#organization","name":"V4Y","url":"https:\/\/www.v4y.ee\/","logo":{"@type":"ImageObject","inLanguage":"de-DE","@id":"https:\/\/www.v4y.ee\/#\/schema\/logo\/image\/","url":"https:\/\/www.v4y.ee\/wp-content\/uploads\/2019\/09\/v4y-logo_v\u00e4rv.png","contentUrl":"https:\/\/www.v4y.ee\/wp-content\/uploads\/2019\/09\/v4y-logo_v\u00e4rv.png","width":1080,"height":609,"caption":"V4Y"},"image":{"@id":"https:\/\/www.v4y.ee\/#\/schema\/logo\/image\/"}}]}},"_links":{"self":[{"href":"https:\/\/www.v4y.ee\/de\/wp-json\/wp\/v2\/pages\/1660"}],"collection":[{"href":"https:\/\/www.v4y.ee\/de\/wp-json\/wp\/v2\/pages"}],"about":[{"href":"https:\/\/www.v4y.ee\/de\/wp-json\/wp\/v2\/types\/page"}],"author":[{"embeddable":true,"href":"https:\/\/www.v4y.ee\/de\/wp-json\/wp\/v2\/users\/1"}],"replies":[{"embeddable":true,"href":"https:\/\/www.v4y.ee\/de\/wp-json\/wp\/v2\/comments?post=1660"}],"version-history":[{"count":2,"href":"https:\/\/www.v4y.ee\/de\/wp-json\/wp\/v2\/pages\/1660\/revisions"}],"predecessor-version":[{"id":1662,"href":"https:\/\/www.v4y.ee\/de\/wp-json\/wp\/v2\/pages\/1660\/revisions\/1662"}],"wp:featuredmedia":[{"embeddable":true,"href":"https:\/\/www.v4y.ee\/de\/wp-json\/wp\/v2\/media\/1519"}],"wp:attachment":[{"href":"https:\/\/www.v4y.ee\/de\/wp-json\/wp\/v2\/media?parent=1660"}],"curies":[{"name":"wp","href":"https:\/\/api.w.org\/{rel}","templated":true}]}}